{"id":3346,"date":"2025-07-15T21:19:20","date_gmt":"2025-07-15T21:19:20","guid":{"rendered":"https:\/\/belivedigital.com\/?page_id=3346"},"modified":"2025-07-15T21:19:21","modified_gmt":"2025-07-15T21:19:21","slug":"about-us","status":"publish","type":"page","link":"https:\/\/belivedigital.com\/pt\/about-us\/","title":{"rendered":"Sobre n\u00f3s"},"content":{"rendered":"<p>Bem-vindo ao <strong>Acredite no Digital<\/strong>!<\/p>\n\n\n\n<p>Na Belive Digital, nossa miss\u00e3o \u00e9 ajudar indiv\u00edduos e pequenas empresas a navegar pelo complexo mundo das finan\u00e7as. Acreditamos que todos merecem ter acesso a informa\u00e7\u00f5es financeiras claras, pr\u00e1ticas e de alta qualidade para tomar decis\u00f5es mais inteligentes e alcan\u00e7ar seus objetivos.<\/p>\n\n\n\n<h3 class=\"wp-block-heading\">\ud83d\udca1 O que fazemos<\/h3>\n\n\n\n<p>Criamos conte\u00fado bem pesquisado e de f\u00e1cil compreens\u00e3o sobre uma ampla gama de t\u00f3picos financeiros, incluindo:<\/p>\n\n\n\n<ul class=\"wp-block-list\">\n<li>Dicas de finan\u00e7as pessoais<\/li>\n\n\n\n<li>Estrat\u00e9gias de or\u00e7amento e poupan\u00e7a<\/li>\n\n\n\n<li>An\u00e1lises de investimento<\/li>\n\n\n\n<li>Ferramentas e recursos financeiros<\/li>\n\n\n\n<li>Not\u00edcias e tend\u00eancias do mundo financeiro<\/li>\n<\/ul>\n\n\n\n<p>Seja para melhorar a gest\u00e3o do seu or\u00e7amento pessoal ou para expandir as finan\u00e7as da sua empresa, estamos aqui para apoiar a sua jornada.<\/p>\n\n\n\n<h3 class=\"wp-block-heading\">\ud83d\udd8b Nosso Compromisso<\/h3>\n\n\n\n<p>Nos esfor\u00e7amos para oferecer:<\/p>\n\n\n\n<ul class=\"wp-block-list\">\n<li>Informa\u00e7\u00f5es precisas e atualizadas<\/li>\n\n\n\n<li>Um tom amig\u00e1vel e direto.<\/li>\n\n\n\n<li>Conte\u00fado que te capacita a assumir o controle das suas finan\u00e7as.<\/li>\n<\/ul>\n\n\n\n<h3 class=\"wp-block-heading\">\ud83d\udce9 Entre em contato<\/h3>\n\n\n\n<p>Tem perguntas, coment\u00e1rios ou ideias para novos t\u00f3picos? Adorar\u00edamos ouvir voc\u00ea.<br>Envie-nos um e-mail a qualquer momento para <strong><a>contato@belivedigital.com<\/a><\/strong> Entraremos em contato com voc\u00ea o mais breve poss\u00edvel durante o hor\u00e1rio comercial, de segunda a sexta-feira, das 8h \u00e0s 18h.<\/p>","protected":false},"excerpt":{"rendered":"<p>Welcome to Belive Digital! At Belive Digital, our mission is to help individuals and small businesses navigate the complex world of finance. We believe that everyone deserves access to clear, practical, and high-quality financial information to make smarter decisions and achieve their goals. \ud83d\udca1 What We Do We create well-researched, easy-to-understand content on a wide [&#8230;]\n","protected":false},"author":6,"featured_media":0,"parent":0,"menu_order":0,"comment_status":"closed","ping_status":"closed","template":"","meta":{"footnotes":""},"class_list":["post-3346","page","type-page","status-publish","hentry"],"_links":{"self":[{"href":"https:\/\/belivedigital.com\/pt\/wp-json\/wp\/v2\/pages\/3346","targetHints":{"allow":["GET"]}}],"collection":[{"href":"https:\/\/belivedigital.com\/pt\/wp-json\/wp\/v2\/pages"}],"about":[{"href":"https:\/\/belivedigital.com\/pt\/wp-json\/wp\/v2\/types\/page"}],"author":[{"embeddable":true,"href":"https:\/\/belivedigital.com\/pt\/wp-json\/wp\/v2\/users\/6"}],"replies":[{"embeddable":true,"href":"https:\/\/belivedigital.com\/pt\/wp-json\/wp\/v2\/comments?post=3346"}],"version-history":[{"count":1,"href":"https:\/\/belivedigital.com\/pt\/wp-json\/wp\/v2\/pages\/3346\/revisions"}],"predecessor-version":[{"id":3347,"href":"https:\/\/belivedigital.com\/pt\/wp-json\/wp\/v2\/pages\/3346\/revisions\/3347"}],"wp:attachment":[{"href":"https:\/\/belivedigital.com\/pt\/wp-json\/wp\/v2\/media?parent=3346"}],"curies":[{"name":"wp","href":"https:\/\/api.w.org\/{rel}","templated":true}]}}