{"id":3344,"date":"2025-07-15T21:18:24","date_gmt":"2025-07-15T21:18:24","guid":{"rendered":"https:\/\/belivedigital.com\/?page_id=3344"},"modified":"2025-07-15T21:18:24","modified_gmt":"2025-07-15T21:18:24","slug":"contact-us","status":"publish","type":"page","link":"https:\/\/belivedigital.com\/pt\/contact-us\/","title":{"rendered":"Contate-nos"},"content":{"rendered":"<p>Adorar\u00edamos ouvir sua opini\u00e3o! Seja para tirar d\u00favidas sobre nosso conte\u00fado, dar sugest\u00f5es, falar sobre oportunidades de parceria ou simplesmente dizer ol\u00e1, fique \u00e0 vontade para entrar em contato.<\/p>\n\n\n\n<h3 class=\"wp-block-heading\">\ud83d\udce7 E-mail<\/h3>\n\n\n\n<p>Voc\u00ea pode entrar em contato conosco a qualquer momento atrav\u00e9s de:<br><strong><a>contato@belivedigital.com<\/a><\/strong><\/p>\n\n\n\n<p>Respondemos o mais r\u00e1pido poss\u00edvel em dias \u00fateis, a partir de <strong>De segunda a sexta-feira, das 8h \u00e0s 18h.<\/strong>.<\/p>\n\n\n\n<h3 class=\"wp-block-heading\">\ud83c\udf0d Endere\u00e7o<\/h3>\n\n\n\n<p>Acredite no Digital<br><a class=\"\" href=\"https:\/\/belivedigital.com\/pt\/\">https:\/\/belivedigital.com<\/a><\/p>","protected":false},"excerpt":{"rendered":"<p>We\u2019d love to hear from you! Whether you have questions about our content, suggestions, partnership opportunities, or simply want to say hello \u2014 feel free to reach out. \ud83d\udce7 Email You can contact us anytime at:contato@belivedigital.com We respond as quickly as possible on business days, from Monday to Friday, 8 AM to 6 PM. \ud83c\udf0d [&#8230;]\n","protected":false},"author":6,"featured_media":0,"parent":0,"menu_order":0,"comment_status":"closed","ping_status":"closed","template":"","meta":{"footnotes":""},"class_list":["post-3344","page","type-page","status-publish","hentry"],"_links":{"self":[{"href":"https:\/\/belivedigital.com\/pt\/wp-json\/wp\/v2\/pages\/3344","targetHints":{"allow":["GET"]}}],"collection":[{"href":"https:\/\/belivedigital.com\/pt\/wp-json\/wp\/v2\/pages"}],"about":[{"href":"https:\/\/belivedigital.com\/pt\/wp-json\/wp\/v2\/types\/page"}],"author":[{"embeddable":true,"href":"https:\/\/belivedigital.com\/pt\/wp-json\/wp\/v2\/users\/6"}],"replies":[{"embeddable":true,"href":"https:\/\/belivedigital.com\/pt\/wp-json\/wp\/v2\/comments?post=3344"}],"version-history":[{"count":1,"href":"https:\/\/belivedigital.com\/pt\/wp-json\/wp\/v2\/pages\/3344\/revisions"}],"predecessor-version":[{"id":3345,"href":"https:\/\/belivedigital.com\/pt\/wp-json\/wp\/v2\/pages\/3344\/revisions\/3345"}],"wp:attachment":[{"href":"https:\/\/belivedigital.com\/pt\/wp-json\/wp\/v2\/media?parent=3344"}],"curies":[{"name":"wp","href":"https:\/\/api.w.org\/{rel}","templated":true}]}}