{"id":3338,"date":"2025-07-15T21:16:12","date_gmt":"2025-07-15T21:16:12","guid":{"rendered":"https:\/\/belivedigital.com\/?page_id=3338"},"modified":"2026-04-07T10:18:15","modified_gmt":"2026-04-07T13:18:15","slug":"privacy-policy","status":"publish","type":"page","link":"https:\/\/belivedigital.com\/pt\/privacy-policy\/","title":{"rendered":"pol\u00edtica de Privacidade"},"content":{"rendered":"<h1 class=\"wp-block-heading\">pol\u00edtica de Privacidade<\/h1>\n\n\n\n<p>Levamos a sua privacidade a s\u00e9rio. <a href=\"http:\/\/belivedigital.com\/pt\/\">Acredite no Digital<\/a>, Estamos comprometidos em proteger sua privacidade em rela\u00e7\u00e3o a todas as informa\u00e7\u00f5es que possam ser coletadas em nosso site e em quaisquer outros sites sob nossa gest\u00e3o.<\/p>\n\n\n\n<p>Coletamos dados pessoais apenas quando estritamente necess\u00e1rio para lhe fornecer nossos servi\u00e7os. Esse processo \u00e9 realizado de forma justa e com total transpar\u00eancia, sempre com o seu consentimento informado. Al\u00e9m disso, explicamos os motivos da coleta e o uso que ser\u00e1 feito das informa\u00e7\u00f5es.<\/p>\n\n\n\n<p>Conservamos os dados coletados apenas pelo tempo necess\u00e1rio para prestar o servi\u00e7o solicitado. Utilizamos medidas de seguran\u00e7a padr\u00e3o do mercado para proteger os dados armazenados contra qualquer tipo de perda, roubo, acesso n\u00e3o autorizado, divulga\u00e7\u00e3o indevida, c\u00f3pia ou altera\u00e7\u00e3o.<\/p>\n\n\n\n<p>N\u00e3o divulgamos seus dados pessoais publicamente ou a terceiros, exceto quando exigido por lei.<\/p>\n\n\n\n<p>Nosso site pode conter links para sites externos que est\u00e3o fora do nosso controle. Observe que n\u00e3o somos respons\u00e1veis pelas pol\u00edticas de privacidade ou pelo conte\u00fado desses sites externos.<\/p>\n\n\n\n<p>Voc\u00ea tem todo o direito de recusar-se a nos fornecer seus dados pessoais, embora isso possa limitar nossa capacidade de lhe fornecer determinados servi\u00e7os.<\/p>\n\n\n\n<p>Ao continuar a utilizar o nosso website, est\u00e1 a concordar com as nossas pol\u00edticas de prote\u00e7\u00e3o de privacidade e de tratamento de dados pessoais. Em caso de d\u00favidas sobre a forma como as suas informa\u00e7\u00f5es s\u00e3o geridas, n\u00e3o hesite em contactar-nos.<\/p>\n\n\n\n<h2 class=\"wp-block-heading\"><a href=\"http:\/\/belivedigital.com\/pt\/\">Acredite no Digital<\/a> Seguran\u00e7a do site<\/h2>\n\n\n\n<p>O site \u00e9 confi\u00e1vel e seguro para o usu\u00e1rio, conforme informado por&nbsp;<a href=\"https:\/\/sitecheck.com.br\/\" target=\"_BLANK\" rel=\"noreferrer noopener\">Verifica\u00e7\u00e3o do site<\/a>. Esta p\u00e1gina verifica informa\u00e7\u00f5es do site para identificar poss\u00edveis problemas de seguran\u00e7a.<\/p>\n\n\n\n<h2 class=\"wp-block-heading\"><a href=\"http:\/\/belivedigital.com\/pt\/\">Acredite no Digital<\/a> Pol\u00edtica de Cookies<\/h2>\n\n\n\n<h3 class=\"wp-block-heading\">O que s\u00e3o cookies?<\/h3>\n\n\n\n<p>Como \u00e9 pr\u00e1tica comum em quase todos os sites profissionais, este site utiliza cookies, que s\u00e3o pequenos arquivos baixados para o seu computador, para melhorar a sua experi\u00eancia. Esta p\u00e1gina descreve quais informa\u00e7\u00f5es eles coletam, como as utilizamos e por que \u00e0s vezes precisamos armazenar esses cookies. Tamb\u00e9m explicaremos como voc\u00ea pode impedir que esses cookies sejam armazenados; no entanto, isso pode degradar ou &quot;quebrar&quot; certas funcionalidades do site.<\/p>\n\n\n\n<h3 class=\"wp-block-heading\">Como utilizamos cookies?<\/h3>\n\n\n\n<p>Utilizamos cookies por diversos motivos, detalhados abaixo. Infelizmente, na maioria dos casos, n\u00e3o existem op\u00e7\u00f5es padr\u00e3o do setor para desativar os cookies sem comprometer completamente as funcionalidades e os recursos que eles adicionam a este site. Recomendamos que voc\u00ea mantenha todos os cookies ativados caso n\u00e3o tenha certeza se precisa deles ou se eles s\u00e3o usados para fornecer um servi\u00e7o que voc\u00ea utiliza.<\/p>\n\n\n\n<h3 class=\"wp-block-heading\">Desativar cookies<\/h3>\n\n\n\n<p>Voc\u00ea pode impedir a configura\u00e7\u00e3o de cookies ajustando as configura\u00e7\u00f5es do seu navegador (consulte a Ajuda do seu navegador para saber como fazer isso). Esteja ciente de que desativar os cookies afetar\u00e1 a funcionalidade deste e de muitos outros sites que voc\u00ea visita. Desativar os cookies geralmente resulta na desativa\u00e7\u00e3o de certos recursos e funcionalidades deste site. Portanto, recomenda-se que voc\u00ea n\u00e3o desative os cookies.<\/p>\n\n\n\n<h3 class=\"wp-block-heading\">Cookies que definimos<\/h3>\n\n\n\n<ul class=\"wp-block-list\">\n<li>Cookies relacionados \u00e0 conta: Se voc\u00ea criar uma conta conosco, usaremos cookies para gerenciar o processo de inscri\u00e7\u00e3o e a administra\u00e7\u00e3o geral. Esses cookies geralmente s\u00e3o exclu\u00eddos quando voc\u00ea sai da sua conta, por\u00e9m, em alguns casos, eles podem permanecer para lembrar suas prefer\u00eancias do site mesmo ap\u00f3s o logout.<\/li>\n\n\n\n<li>Cookies relacionados ao login: Usamos cookies quando voc\u00ea est\u00e1 conectado para que possamos lembrar dessa a\u00e7\u00e3o. Isso evita que voc\u00ea precise fazer login sempre que visitar uma nova p\u00e1gina. Esses cookies geralmente s\u00e3o removidos ou apagados quando voc\u00ea faz logout para garantir que voc\u00ea s\u00f3 possa acessar recursos e \u00e1reas restritas quando estiver conectado.<\/li>\n\n\n\n<li>Cookies relacionados a newsletters por e-mail: Este site oferece servi\u00e7os de assinatura de newsletter ou e-mail e cookies podem ser usados para lembr\u00e1-lo se voc\u00ea j\u00e1 est\u00e1 cadastrado e se deve exibir determinadas notifica\u00e7\u00f5es v\u00e1lidas apenas para usu\u00e1rios cadastrados\/n\u00e3o cadastrados.<\/li>\n\n\n\n<li>Cookies relacionados ao processamento de pedidos: Este site oferece recursos de com\u00e9rcio eletr\u00f4nico ou pagamento, e alguns cookies s\u00e3o essenciais para garantir que seu pedido seja lembrado entre as p\u00e1ginas, para que possamos process\u00e1-lo corretamente.<\/li>\n\n\n\n<li>Cookies relacionados a pesquisas De tempos em tempos, oferecemos pesquisas e question\u00e1rios para fornecer informa\u00e7\u00f5es interessantes, ferramentas \u00fateis ou para entender melhor nossa base de usu\u00e1rios. Essas pesquisas podem usar cookies para lembrar quem j\u00e1 participou de uma pesquisa ou para fornecer resultados precisos ap\u00f3s a mudan\u00e7a de p\u00e1gina.<\/li>\n\n\n\n<li>Cookies relacionados a formul\u00e1rios: Ao enviar dados por meio de um formul\u00e1rio, como os encontrados em p\u00e1ginas de contato ou formul\u00e1rios de feedback, cookies podem ser definidos para lembrar os dados do usu\u00e1rio para correspond\u00eancias futuras.<\/li>\n\n\n\n<li>Cookies de Prefer\u00eancias do Site: Para proporcionar uma \u00f3tima experi\u00eancia neste site, oferecemos a funcionalidade de definir suas prefer\u00eancias de uso. Para lembrar suas prefer\u00eancias, precisamos usar cookies para que essas informa\u00e7\u00f5es possam ser acessadas sempre que voc\u00ea interagir com uma p\u00e1gina afetada por suas prefer\u00eancias.<\/li>\n<\/ul>\n\n\n\n<h3 class=\"wp-block-heading\">Cookies de terceiros<\/h3>\n\n\n\n<p>Em alguns casos especiais, tamb\u00e9m utilizamos cookies fornecidos por terceiros confi\u00e1veis. A se\u00e7\u00e3o a seguir detalha quais cookies de terceiros voc\u00ea pode encontrar neste site.<\/p>\n\n\n\n<ul class=\"wp-block-list\">\n<li>Este site utiliza o\u00a0<a href=\"https:\/\/analytics.google.com\/analytics\/web\/\">Google Analytics<\/a>, Utilizamos cookies, uma das solu\u00e7\u00f5es de an\u00e1lise mais difundidas e confi\u00e1veis da web, para entender como voc\u00ea usa o site e como podemos melhorar sua experi\u00eancia. Esses cookies podem rastrear informa\u00e7\u00f5es como o tempo que voc\u00ea passa no site e quais p\u00e1ginas voc\u00ea visita, para que possamos continuar produzindo conte\u00fado interessante.<\/li>\n<\/ul>\n\n\n\n<p>Para obter mais informa\u00e7\u00f5es sobre os cookies do Google Analytics, consulte a p\u00e1gina oficial do Google Analytics.<\/p>\n\n\n\n<ul class=\"wp-block-list\">\n<li>Utilizamos ferramentas de an\u00e1lise de terceiros para monitorar e medir o uso deste site, de forma a continuarmos produzindo conte\u00fado relevante. Esses cookies podem rastrear informa\u00e7\u00f5es como o tempo que voc\u00ea passa no site ou as p\u00e1ginas que voc\u00ea visita, o que nos ajuda a entender como podemos melhor\u00e1-lo para voc\u00ea.<\/li>\n\n\n\n<li>Periodicamente, testamos novos recursos e fazemos pequenas altera\u00e7\u00f5es na apar\u00eancia do site. Enquanto ainda estamos testando novos recursos, esses cookies podem ser usados para garantir que voc\u00ea tenha uma experi\u00eancia consistente no site, al\u00e9m de entendermos quais otimiza\u00e7\u00f5es nossos usu\u00e1rios mais apreciam.<\/li>\n\n\n\n<li>Como vendemos produtos, \u00e9 importante entendermos as estat\u00edsticas sobre quantos visitantes do nosso site realmente compram e, portanto, esse \u00e9 o tipo de dado que esses cookies rastreiam. Isso \u00e9 importante para voc\u00ea, pois significa que podemos fazer previs\u00f5es de neg\u00f3cios precisas que nos permitem analisar nossos custos de publicidade e de produtos para garantir o melhor pre\u00e7o poss\u00edvel.<\/li>\n<\/ul>\n\n\n\n<h3 class=\"wp-block-heading\">Compromisso do usu\u00e1rio<\/h3>\n\n\n\n<p>O usu\u00e1rio compromete-se a fazer uso adequado do conte\u00fado e das informa\u00e7\u00f5es que <a href=\"http:\/\/belivedigital.com\/pt\/\">Acredite no Digital<\/a> ofertas no site e, a t\u00edtulo de exemplo, mas n\u00e3o se limitando a:<\/p>\n\n\n\n<ul class=\"wp-block-list\">\n<li>A) N\u00e3o se envolver em atividades que sejam ilegais ou contr\u00e1rias \u00e0 boa-f\u00e9 e \u00e0 ordem p\u00fablica;<\/li>\n\n\n\n<li>B) N\u00e3o divulgar propaganda ou conte\u00fado de natureza racista, xen\u00f3foba, ou relacionado a casas de apostas, jogos de azar e de sorte, qualquer tipo de pornografia ilegal, apologia ao terrorismo ou contra os direitos humanos;<\/li>\n\n\n\n<li>C) N\u00e3o causar danos aos sistemas f\u00edsicos (hardware) e l\u00f3gicos (software) de <a href=\"http:\/\/belivedigital.com\/pt\/\">Acredite no Digital<\/a>, seus fornecedores ou terceiros, para introduzir ou disseminar v\u00edrus de computador ou quaisquer outros sistemas de hardware ou software capazes de causar os danos mencionados.<\/li>\n<\/ul>\n\n\n\n<h3 class=\"wp-block-heading\">Bloquear cookies:<\/h3>\n\n\n\n<p>O usu\u00e1rio pode bloquear e\/ou desativar cookies de qualquer site, incluindo o nosso, a qualquer momento. Para realizar esse procedimento, acesse as configura\u00e7\u00f5es do seu navegador. Consulte os guias de ajuda dos principais navegadores abaixo:<\/p>\n\n\n\n<ul class=\"wp-block-list\">\n<li><a href=\"https:\/\/support.google.com\/accounts\/answer\/61416?hl=en\" target=\"_blank\" rel=\"noreferrer noopener\">Google Chrome<\/a><\/li>\n\n\n\n<li><a href=\"https:\/\/support.mozilla.org\/en-US\/kb\/enhanced-tracking-protection-firefox-desktop?redirectlocale=en-US&amp;redirectslug=enable-and-disable-cookies-website-preferences\" target=\"_blank\" rel=\"noreferrer noopener\">Firefox<\/a><\/li>\n\n\n\n<li><a href=\"https:\/\/support.microsoft.com\/pt-br\/help\/17442\/windows-internet-explorer-delete-manage-cookies\" target=\"_blank\" rel=\"noreferrer noopener\">Microsoft Edge<\/a><\/li>\n\n\n\n<li><a href=\"https:\/\/blogs.opera.com\/news\/2015\/08\/how-to-manage-cookies-in-opera\/\" target=\"_blank\" rel=\"noreferrer noopener\">\u00d3pera<\/a><\/li>\n\n\n\n<li><a href=\"https:\/\/support.apple.com\/pt-br\/guide\/safari\/sfri11471\/mac\" target=\"_blank\" rel=\"noreferrer noopener\">saf\u00e1ri\u00a0<\/a>.<\/li>\n<\/ul>\n\n\n\n<h3 class=\"wp-block-heading\">Mais informa\u00e7\u00f5es<\/h3>\n\n\n\n<p>Esperamos que esteja claro e, como mencionado anteriormente, se houver algo sobre o qual voc\u00ea n\u00e3o tenha certeza se precisa ou n\u00e3o, geralmente \u00e9 mais seguro deixar os cookies ativados se voc\u00ea interagir com algum dos recursos que utiliza em nosso site. <\/p>\n\n\n\n<p>Esta pol\u00edtica entra em vigor a partir de&nbsp;<strong>Mar<\/strong>\/<strong>2024<\/strong>.<\/p>","protected":false},"excerpt":{"rendered":"<p>Privacy Policy We take your privacy seriously. Belive Digital, we are committed to protecting your privacy in all information that may be collected on our website and any other websites under our management. We collect personal data only when it is strictly necessary to provide you with our services. This process is carried out fairly [&#8230;]\n","protected":false},"author":6,"featured_media":0,"parent":0,"menu_order":0,"comment_status":"closed","ping_status":"closed","template":"","meta":{"footnotes":""},"class_list":["post-3338","page","type-page","status-publish","hentry"],"_links":{"self":[{"href":"https:\/\/belivedigital.com\/pt\/wp-json\/wp\/v2\/pages\/3338","targetHints":{"allow":["GET"]}}],"collection":[{"href":"https:\/\/belivedigital.com\/pt\/wp-json\/wp\/v2\/pages"}],"about":[{"href":"https:\/\/belivedigital.com\/pt\/wp-json\/wp\/v2\/types\/page"}],"author":[{"embeddable":true,"href":"https:\/\/belivedigital.com\/pt\/wp-json\/wp\/v2\/users\/6"}],"replies":[{"embeddable":true,"href":"https:\/\/belivedigital.com\/pt\/wp-json\/wp\/v2\/comments?post=3338"}],"version-history":[{"count":2,"href":"https:\/\/belivedigital.com\/pt\/wp-json\/wp\/v2\/pages\/3338\/revisions"}],"predecessor-version":[{"id":3747,"href":"https:\/\/belivedigital.com\/pt\/wp-json\/wp\/v2\/pages\/3338\/revisions\/3747"}],"wp:attachment":[{"href":"https:\/\/belivedigital.com\/pt\/wp-json\/wp\/v2\/media?parent=3338"}],"curies":[{"name":"wp","href":"https:\/\/api.w.org\/{rel}","templated":true}]}}