{"id":3346,"date":"2025-07-15T21:19:20","date_gmt":"2025-07-15T21:19:20","guid":{"rendered":"https:\/\/belivedigital.com\/?page_id=3346"},"modified":"2025-07-15T21:19:21","modified_gmt":"2025-07-15T21:19:21","slug":"about-us","status":"publish","type":"page","link":"https:\/\/belivedigital.com\/fr\/about-us\/","title":{"rendered":"\u00c0 propos de nous"},"content":{"rendered":"<p>Bienvenue sur <strong>Croire au num\u00e9rique<\/strong>!<\/p>\n\n\n\n<p>Chez Belive Digital, notre mission est d&#039;aider les particuliers et les petites entreprises \u00e0 s&#039;orienter dans le monde complexe de la finance. Nous sommes convaincus que chacun m\u00e9rite d&#039;avoir acc\u00e8s \u00e0 une information financi\u00e8re claire, pratique et de qualit\u00e9 pour prendre des d\u00e9cisions \u00e9clair\u00e9es et atteindre ses objectifs.<\/p>\n\n\n\n<h3 class=\"wp-block-heading\">\ud83d\udca1 Ce que nous faisons<\/h3>\n\n\n\n<p>Nous cr\u00e9ons des contenus document\u00e9s et faciles \u00e0 comprendre sur un large \u00e9ventail de sujets financiers, notamment\u00a0:<\/p>\n\n\n\n<ul class=\"wp-block-list\">\n<li>Conseils en finances personnelles<\/li>\n\n\n\n<li>Strat\u00e9gies budg\u00e9taires et d&#039;\u00e9pargne<\/li>\n\n\n\n<li>Perspectives d&#039;investissement<\/li>\n\n\n\n<li>Outils et ressources financi\u00e8res<\/li>\n\n\n\n<li>Actualit\u00e9s et tendances du monde financier<\/li>\n<\/ul>\n\n\n\n<p>Que vous cherchiez \u00e0 mieux g\u00e9rer votre budget personnel ou \u00e0 d\u00e9velopper les finances de votre entreprise, nous sommes l\u00e0 pour vous accompagner dans votre d\u00e9marche.<\/p>\n\n\n\n<h3 class=\"wp-block-heading\">\ud83d\udd8b Notre engagement<\/h3>\n\n\n\n<p>Nous nous effor\u00e7ons de fournir :<\/p>\n\n\n\n<ul class=\"wp-block-list\">\n<li>Informations pr\u00e9cises et \u00e0 jour<\/li>\n\n\n\n<li>Un ton amical et direct<\/li>\n\n\n\n<li>Un contenu qui vous donne les moyens de prendre le contr\u00f4le de vos finances<\/li>\n<\/ul>\n\n\n\n<h3 class=\"wp-block-heading\">\ud83d\udce9 Contactez-nous<\/h3>\n\n\n\n<p>Vous avez des questions, des commentaires ou des id\u00e9es de nouveaux sujets\u00a0? Nous serions ravis de vous entendre.<br>Envoyez-nous un e-mail \u00e0 tout moment \u00e0 <strong><a>contato@belivedigital.com<\/a><\/strong> Nous vous r\u00e9pondrons dans les meilleurs d\u00e9lais pendant les heures ouvrables, du lundi au vendredi, de 8h \u00e0 18h.<\/p>","protected":false},"excerpt":{"rendered":"<p>Welcome to Belive Digital! At Belive Digital, our mission is to help individuals and small businesses navigate the complex world of finance. We believe that everyone deserves access to clear, practical, and high-quality financial information to make smarter decisions and achieve their goals. \ud83d\udca1 What We Do We create well-researched, easy-to-understand content on a wide [&#8230;]\n","protected":false},"author":6,"featured_media":0,"parent":0,"menu_order":0,"comment_status":"closed","ping_status":"closed","template":"","meta":{"footnotes":""},"class_list":["post-3346","page","type-page","status-publish","hentry"],"_links":{"self":[{"href":"https:\/\/belivedigital.com\/fr\/wp-json\/wp\/v2\/pages\/3346","targetHints":{"allow":["GET"]}}],"collection":[{"href":"https:\/\/belivedigital.com\/fr\/wp-json\/wp\/v2\/pages"}],"about":[{"href":"https:\/\/belivedigital.com\/fr\/wp-json\/wp\/v2\/types\/page"}],"author":[{"embeddable":true,"href":"https:\/\/belivedigital.com\/fr\/wp-json\/wp\/v2\/users\/6"}],"replies":[{"embeddable":true,"href":"https:\/\/belivedigital.com\/fr\/wp-json\/wp\/v2\/comments?post=3346"}],"version-history":[{"count":1,"href":"https:\/\/belivedigital.com\/fr\/wp-json\/wp\/v2\/pages\/3346\/revisions"}],"predecessor-version":[{"id":3347,"href":"https:\/\/belivedigital.com\/fr\/wp-json\/wp\/v2\/pages\/3346\/revisions\/3347"}],"wp:attachment":[{"href":"https:\/\/belivedigital.com\/fr\/wp-json\/wp\/v2\/media?parent=3346"}],"curies":[{"name":"wp","href":"https:\/\/api.w.org\/{rel}","templated":true}]}}