{"id":3342,"date":"2025-07-15T21:17:40","date_gmt":"2025-07-15T21:17:40","guid":{"rendered":"https:\/\/belivedigital.com\/?page_id=3342"},"modified":"2025-07-15T21:17:40","modified_gmt":"2025-07-15T21:17:40","slug":"terms-of-use","status":"publish","type":"page","link":"https:\/\/belivedigital.com\/fr\/terms-of-use\/","title":{"rendered":"Conditions d&#039;utilisation"},"content":{"rendered":"<p>Bienvenue sur <strong>Croire au num\u00e9rique<\/strong>. En acc\u00e9dant \u00e0 notre site web \u00e0 <a class=\"\" href=\"https:\/\/belivedigital.com\/fr\/\">https:\/\/belivedigital.com<\/a>, En utilisant notre site web, vous acceptez de respecter et d&#039;\u00eatre li\u00e9 par les conditions g\u00e9n\u00e9rales suivantes. Si vous n&#039;acceptez pas l&#039;une quelconque de ces conditions, veuillez ne pas utiliser notre site web.<\/p>\n\n\n\n<h3 class=\"wp-block-heading\">1. Utilisation du site<\/h3>\n\n\n\n<p>Vous acceptez d&#039;utiliser ce site Web uniquement \u00e0 des fins licites et d&#039;une mani\u00e8re qui ne porte pas atteinte aux droits d&#039;autrui, ne restreint pas et n&#039;emp\u00eache pas l&#039;utilisation et la jouissance du site Web par quiconque.<\/p>\n\n\n\n<h3 class=\"wp-block-heading\">2. Propri\u00e9t\u00e9 intellectuelle<\/h3>\n\n\n\n<p>L&#039;ensemble du contenu publi\u00e9 sur ce site, y compris les textes, graphismes, logos, images et autres \u00e9l\u00e9ments, est la propri\u00e9t\u00e9 de <strong>Croire au num\u00e9rique<\/strong> ou ses fournisseurs de contenu et est prot\u00e9g\u00e9 par les lois internationales sur le droit d&#039;auteur.<\/p>\n\n\n\n<p>Vous n&#039;\u00eates pas autoris\u00e9 \u00e0 reproduire, distribuer ou exploiter tout contenu sans notre autorisation \u00e9crite explicite.<\/p>\n\n\n\n<h3 class=\"wp-block-heading\">3. Clause de non-responsabilit\u00e9<\/h3>\n\n\n\n<p>Les informations fournies sur ce site web sont uniquement destin\u00e9es \u00e0 des fins d&#039;information g\u00e9n\u00e9rale. Bien que nous nous efforcions de maintenir le contenu exact et \u00e0 jour, <strong>Croire au num\u00e9rique<\/strong> ne donne aucune garantie ni ne fait aucune d\u00e9claration de quelque nature que ce soit concernant l&#039;exhaustivit\u00e9, l&#039;exactitude ou la fiabilit\u00e9 du contenu.<\/p>\n\n\n\n<p>Toute action que vous entreprenez sur la base des informations contenues sur ce site web est strictement \u00e0 vos propres risques.<\/p>\n\n\n\n<h3 class=\"wp-block-heading\">4. Limitation de responsabilit\u00e9<\/h3>\n\n\n\n<p><strong>Croire au num\u00e9rique<\/strong> Nous ne serons pas responsables des pertes et\/ou dommages li\u00e9s \u00e0 l&#039;utilisation de notre site web.<\/p>\n\n\n\n<h3 class=\"wp-block-heading\">5. Liens vers d&#039;autres sites Web<\/h3>\n\n\n\n<p>Notre site web peut contenir des liens vers des sites externes qui ne sont pas exploit\u00e9s par nous. Nous n&#039;avons aucun contr\u00f4le sur le contenu et les pratiques de ces sites et d\u00e9clinons toute responsabilit\u00e9 quant \u00e0 leurs politiques de confidentialit\u00e9 et conditions d&#039;utilisation respectives.<\/p>\n\n\n\n<h3 class=\"wp-block-heading\">6. Modifications des pr\u00e9sentes conditions<\/h3>\n\n\n\n<p>Nous nous r\u00e9servons le droit de modifier les pr\u00e9sentes Conditions d&#039;utilisation \u00e0 tout moment. Toute modification entrera en vigueur d\u00e8s sa publication sur cette page. Nous vous invitons \u00e0 consulter r\u00e9guli\u00e8rement cette page afin de prendre connaissance des \u00e9ventuelles modifications.<\/p>\n\n\n\n<h3 class=\"wp-block-heading\">7. Droit applicable<\/h3>\n\n\n\n<p>Les pr\u00e9sentes conditions g\u00e9n\u00e9rales sont r\u00e9gies et interpr\u00e9t\u00e9es conform\u00e9ment aux lois de la juridiction o\u00f9 elles ont \u00e9t\u00e9 conclues. <strong>Croire au num\u00e9rique<\/strong> fonctionne, sans \u00e9gard \u00e0 ses dispositions relatives aux conflits de lois.<\/p>\n\n\n\n<h3 class=\"wp-block-heading\">8. Contactez-nous<\/h3>\n\n\n\n<p>Si vous avez des questions concernant ces conditions d&#039;utilisation, veuillez nous contacter\u00a0:<br>\ud83d\udce7 <strong>E-mail:<\/strong> <a>contato@belivedigital.com<\/a><\/p>","protected":false},"excerpt":{"rendered":"<p>Welcome to Belive Digital. By accessing our website at https:\/\/belivedigital.com, you agree to comply with and be bound by the following terms and conditions. If you disagree with any part of these terms, please do not use our website. 1. Use of the Site You agree to use this website only for lawful purposes and [&#8230;]\n","protected":false},"author":6,"featured_media":0,"parent":0,"menu_order":0,"comment_status":"closed","ping_status":"closed","template":"","meta":{"footnotes":""},"class_list":["post-3342","page","type-page","status-publish","hentry"],"_links":{"self":[{"href":"https:\/\/belivedigital.com\/fr\/wp-json\/wp\/v2\/pages\/3342","targetHints":{"allow":["GET"]}}],"collection":[{"href":"https:\/\/belivedigital.com\/fr\/wp-json\/wp\/v2\/pages"}],"about":[{"href":"https:\/\/belivedigital.com\/fr\/wp-json\/wp\/v2\/types\/page"}],"author":[{"embeddable":true,"href":"https:\/\/belivedigital.com\/fr\/wp-json\/wp\/v2\/users\/6"}],"replies":[{"embeddable":true,"href":"https:\/\/belivedigital.com\/fr\/wp-json\/wp\/v2\/comments?post=3342"}],"version-history":[{"count":1,"href":"https:\/\/belivedigital.com\/fr\/wp-json\/wp\/v2\/pages\/3342\/revisions"}],"predecessor-version":[{"id":3343,"href":"https:\/\/belivedigital.com\/fr\/wp-json\/wp\/v2\/pages\/3342\/revisions\/3343"}],"wp:attachment":[{"href":"https:\/\/belivedigital.com\/fr\/wp-json\/wp\/v2\/media?parent=3342"}],"curies":[{"name":"wp","href":"https:\/\/api.w.org\/{rel}","templated":true}]}}