{"id":3340,"date":"2025-07-15T21:17:18","date_gmt":"2025-07-15T21:17:18","guid":{"rendered":"https:\/\/belivedigital.com\/?page_id=3340"},"modified":"2025-07-15T21:17:18","modified_gmt":"2025-07-15T21:17:18","slug":"cookie-policy","status":"publish","type":"page","link":"https:\/\/belivedigital.com\/fr\/cookie-policy\/","title":{"rendered":"Politique relative aux cookies"},"content":{"rendered":"<p>\u00c0 <strong>Croire au num\u00e9rique<\/strong>, Nous utilisons des cookies et des technologies de suivi similaires pour am\u00e9liorer votre exp\u00e9rience sur notre site web, analyser le trafic et personnaliser le contenu.<\/p>\n\n\n\n<p>En continuant \u00e0 utiliser notre site, vous consentez \u00e0 l&#039;utilisation de cookies conform\u00e9ment \u00e0 la pr\u00e9sente politique en mati\u00e8re de cookies.<\/p>\n\n\n\n<h3 class=\"wp-block-heading\">1. Que sont les cookies ?<\/h3>\n\n\n\n<p>Les cookies sont de petits fichiers texte enregistr\u00e9s sur votre appareil (ordinateur, tablette, smartphone) lorsque vous consultez un site web. Ils permettent aux sites web de m\u00e9moriser vos actions et pr\u00e9f\u00e9rences au fil du temps.<\/p>\n\n\n\n<h3 class=\"wp-block-heading\">2. Comment nous utilisons les cookies<\/h3>\n\n\n\n<p>Nous utilisons des cookies pour\u00a0:<\/p>\n\n\n\n<ul class=\"wp-block-list\">\n<li>M\u00e9moriser vos pr\u00e9f\u00e9rences et param\u00e8tres<\/li>\n\n\n\n<li>Comprendre comment vous utilisez notre site web et quelles pages sont les plus populaires<\/li>\n\n\n\n<li>Am\u00e9liorer notre contenu et l&#039;exp\u00e9rience utilisateur<\/li>\n\n\n\n<li>Fournir des supports marketing et publicitaires pertinents (le cas \u00e9ch\u00e9ant)<\/li>\n<\/ul>\n\n\n\n<h3 class=\"wp-block-heading\">3. Types de cookies que nous utilisons<\/h3>\n\n\n\n<ul class=\"wp-block-list\">\n<li><strong>Cookies essentiels\u00a0:<\/strong> N\u00e9cessaires au bon fonctionnement du site. Ces fonctions ne peuvent pas \u00eatre d\u00e9sactiv\u00e9es.<\/li>\n\n\n\n<li><strong>Cookies analytiques\u00a0:<\/strong> Aidez-nous \u00e0 comprendre comment les visiteurs interagissent avec notre site web en collectant des donn\u00e9es anonymes.<\/li>\n\n\n\n<li><strong>Cookies de fonctionnalit\u00e9\u00a0:<\/strong> Nous m\u00e9moriserons vos pr\u00e9f\u00e9rences pour vous offrir des fonctionnalit\u00e9s am\u00e9lior\u00e9es.<\/li>\n\n\n\n<li><strong>Cookies publicitaires\u00a0:<\/strong> Peut \u00eatre utilis\u00e9 pour vous proposer des publicit\u00e9s plus pertinentes.<\/li>\n<\/ul>\n\n\n\n<h3 class=\"wp-block-heading\">4. Gestion des cookies<\/h3>\n\n\n\n<p>La plupart des navigateurs web acceptent automatiquement les cookies, mais vous pouvez modifier les param\u00e8tres de votre navigateur pour les refuser si vous le souhaitez. Cependant, la d\u00e9sactivation des cookies peut vous emp\u00eacher d&#039;utiliser certaines parties de notre site web.<\/p>\n\n\n\n<h3 class=\"wp-block-heading\">5. Cookies tiers<\/h3>\n\n\n\n<p>Nous pouvons \u00e9galement utiliser des services tiers (comme Google Analytics) qui d\u00e9posent des cookies pour nous aider \u00e0 analyser le trafic et \u00e0 am\u00e9liorer nos services. Ces tiers ont leurs propres politiques de confidentialit\u00e9.<\/p>\n\n\n\n<h3 class=\"wp-block-heading\">6. Modifications apport\u00e9es \u00e0 la pr\u00e9sente politique relative aux cookies<\/h3>\n\n\n\n<p>Notre politique relative aux cookies peut \u00eatre mise \u00e0 jour p\u00e9riodiquement. Toute modification sera publi\u00e9e sur cette page avec une date d&#039;entr\u00e9e en vigueur actualis\u00e9e.<\/p>\n\n\n\n<h3 class=\"wp-block-heading\">7. Contactez-nous<\/h3>\n\n\n\n<p>Si vous avez des questions concernant notre utilisation des cookies, veuillez nous contacter\u00a0:<br>\ud83d\udce7 <strong>E-mail:<\/strong> <a>contato@belivedigital.com<\/a><\/p>","protected":false},"excerpt":{"rendered":"<p>At Belive Digital, we use cookies and similar tracking technologies to improve your experience on our website, analyze traffic, and personalize content. By continuing to use our site, you consent to our use of cookies in accordance with this Cookie Policy. 1. What Are Cookies? Cookies are small text files stored on your device (computer, [&#8230;]\n","protected":false},"author":6,"featured_media":0,"parent":0,"menu_order":0,"comment_status":"closed","ping_status":"closed","template":"","meta":{"footnotes":""},"class_list":["post-3340","page","type-page","status-publish","hentry"],"_links":{"self":[{"href":"https:\/\/belivedigital.com\/fr\/wp-json\/wp\/v2\/pages\/3340","targetHints":{"allow":["GET"]}}],"collection":[{"href":"https:\/\/belivedigital.com\/fr\/wp-json\/wp\/v2\/pages"}],"about":[{"href":"https:\/\/belivedigital.com\/fr\/wp-json\/wp\/v2\/types\/page"}],"author":[{"embeddable":true,"href":"https:\/\/belivedigital.com\/fr\/wp-json\/wp\/v2\/users\/6"}],"replies":[{"embeddable":true,"href":"https:\/\/belivedigital.com\/fr\/wp-json\/wp\/v2\/comments?post=3340"}],"version-history":[{"count":1,"href":"https:\/\/belivedigital.com\/fr\/wp-json\/wp\/v2\/pages\/3340\/revisions"}],"predecessor-version":[{"id":3341,"href":"https:\/\/belivedigital.com\/fr\/wp-json\/wp\/v2\/pages\/3340\/revisions\/3341"}],"wp:attachment":[{"href":"https:\/\/belivedigital.com\/fr\/wp-json\/wp\/v2\/media?parent=3340"}],"curies":[{"name":"wp","href":"https:\/\/api.w.org\/{rel}","templated":true}]}}