{"id":3338,"date":"2025-07-15T21:16:12","date_gmt":"2025-07-15T21:16:12","guid":{"rendered":"https:\/\/belivedigital.com\/?page_id=3338"},"modified":"2026-04-07T10:18:15","modified_gmt":"2026-04-07T13:18:15","slug":"privacy-policy","status":"publish","type":"page","link":"https:\/\/belivedigital.com\/fr\/privacy-policy\/","title":{"rendered":"politique de confidentialit\u00e9"},"content":{"rendered":"<h1 class=\"wp-block-heading\">politique de confidentialit\u00e9<\/h1>\n\n\n\n<p>Nous prenons votre vie priv\u00e9e au s\u00e9rieux. <a href=\"http:\/\/belivedigital.com\/fr\/\">Croire au num\u00e9rique<\/a>, Nous nous engageons \u00e0 prot\u00e9ger votre vie priv\u00e9e concernant toutes les informations susceptibles d&#039;\u00eatre collect\u00e9es sur notre site web et sur tout autre site web que nous g\u00e9rons.<\/p>\n\n\n\n<p>Nous collectons vos donn\u00e9es personnelles uniquement lorsque cela est strictement n\u00e9cessaire pour vous fournir nos services. Ce processus est men\u00e9 de mani\u00e8re loyale et totalement transparente, toujours avec votre consentement \u00e9clair\u00e9. De plus, nous vous expliquons les raisons de cette collecte et l&#039;utilisation qui en sera faite.<\/p>\n\n\n\n<p>Nous conservons les donn\u00e9es collect\u00e9es uniquement pendant la dur\u00e9e n\u00e9cessaire \u00e0 la fourniture du service demand\u00e9. Nous utilisons des mesures de s\u00e9curit\u00e9 conformes aux normes du secteur pour prot\u00e9ger les donn\u00e9es stock\u00e9es contre toute perte, vol, acc\u00e8s non autoris\u00e9, divulgation abusive, copie ou alt\u00e9ration.<\/p>\n\n\n\n<p>Nous ne divulguons pas vos donn\u00e9es personnelles publiquement ni \u00e0 des tiers, sauf si la loi l&#039;exige.<\/p>\n\n\n\n<p>Notre site web peut contenir des liens vers des sites externes qui ne sont pas sous notre contr\u00f4le. Veuillez noter que nous ne sommes pas responsables des politiques de confidentialit\u00e9 ni du contenu de ces sites externes.<\/p>\n\n\n\n<p>Vous avez parfaitement le droit de refuser de nous fournir vos donn\u00e9es personnelles, m\u00eame si cela peut limiter notre capacit\u00e9 \u00e0 vous fournir certains services.<\/p>\n\n\n\n<p>En continuant \u00e0 utiliser notre site web, vous acceptez notre politique de protection de la vie priv\u00e9e et de traitement des donn\u00e9es personnelles. Pour toute question relative \u00e0 la gestion de vos donn\u00e9es, n&#039;h\u00e9sitez pas \u00e0 nous contacter.<\/p>\n\n\n\n<h2 class=\"wp-block-heading\"><a href=\"http:\/\/belivedigital.com\/fr\/\">Croire au num\u00e9rique<\/a> S\u00e9curit\u00e9 des sites web<\/h2>\n\n\n\n<p>Le site web est fiable et s\u00fbr pour l&#039;utilisateur, comme indiqu\u00e9 par&nbsp;<a href=\"https:\/\/sitecheck.com.br\/\" target=\"_BLANK\" rel=\"noreferrer noopener\">V\u00e9rification du site Web<\/a>. Cette page v\u00e9rifie les informations du site web afin d&#039;identifier les probl\u00e8mes de s\u00e9curit\u00e9 potentiels.<\/p>\n\n\n\n<h2 class=\"wp-block-heading\"><a href=\"http:\/\/belivedigital.com\/fr\/\">Croire au num\u00e9rique<\/a> Politique relative aux cookies<\/h2>\n\n\n\n<h3 class=\"wp-block-heading\">Que sont les cookies ?<\/h3>\n\n\n\n<p>Comme c&#039;est le cas pour la plupart des sites professionnels, ce site utilise des cookies, de petits fichiers t\u00e9l\u00e9charg\u00e9s sur votre ordinateur, afin d&#039;am\u00e9liorer votre exp\u00e9rience. Cette page d\u00e9crit les informations qu&#039;ils collectent, comment nous les utilisons et pourquoi nous devons parfois les stocker. Nous vous expliquons \u00e9galement comment emp\u00eacher leur enregistrement\u00a0; toutefois, cela pourrait d\u00e9grader ou perturber certaines fonctionnalit\u00e9s du site.<\/p>\n\n\n\n<h3 class=\"wp-block-heading\">Comment utilisons-nous les cookies ?<\/h3>\n\n\n\n<p>Nous utilisons des cookies pour diverses raisons, d\u00e9taill\u00e9es ci-dessous. Malheureusement, dans la plupart des cas, il n&#039;existe pas d&#039;option standard pour d\u00e9sactiver les cookies sans d\u00e9sactiver compl\u00e8tement les fonctionnalit\u00e9s qu&#039;ils apportent \u00e0 ce site. Il est donc recommand\u00e9 de les laisser activ\u00e9s si vous n&#039;\u00eates pas certain de leur utilit\u00e9, notamment s&#039;ils sont n\u00e9cessaires au fonctionnement d&#039;un service que vous utilisez.<\/p>\n\n\n\n<h3 class=\"wp-block-heading\">D\u00e9sactiver les cookies<\/h3>\n\n\n\n<p>Vous pouvez emp\u00eacher l&#039;installation de cookies en modifiant les param\u00e8tres de votre navigateur (consultez l&#039;aide de votre navigateur pour savoir comment proc\u00e9der). Sachez que la d\u00e9sactivation des cookies affectera le fonctionnement de ce site web et de nombreux autres sites que vous visitez. La d\u00e9sactivation des cookies entra\u00eenera g\u00e9n\u00e9ralement la d\u00e9sactivation de certaines fonctionnalit\u00e9s de ce site. Par cons\u00e9quent, il est recommand\u00e9 de ne pas d\u00e9sactiver les cookies.<\/p>\n\n\n\n<h3 class=\"wp-block-heading\">Cookies que nous utilisons<\/h3>\n\n\n\n<ul class=\"wp-block-list\">\n<li>Cookies li\u00e9s au compte\u00a0: Si vous cr\u00e9ez un compte chez nous, nous utiliserons des cookies pour g\u00e9rer le processus d\u2019inscription et l\u2019administration g\u00e9n\u00e9rale. Ces cookies sont g\u00e9n\u00e9ralement supprim\u00e9s lorsque vous vous d\u00e9connectez, mais dans certains cas, ils peuvent \u00eatre conserv\u00e9s afin de m\u00e9moriser vos pr\u00e9f\u00e9rences de site apr\u00e8s votre d\u00e9connexion.<\/li>\n\n\n\n<li>Cookies li\u00e9s \u00e0 la connexion\u00a0: Nous utilisons des cookies lorsque vous \u00eates connect\u00e9(e) afin de m\u00e9moriser votre connexion. Cela vous \u00e9vite de devoir vous reconnecter \u00e0 chaque nouvelle page. Ces cookies sont g\u00e9n\u00e9ralement supprim\u00e9s lorsque vous vous d\u00e9connectez, garantissant ainsi que vous n\u2019ayez acc\u00e8s aux fonctionnalit\u00e9s et zones restreintes que lorsque vous \u00eates connect\u00e9(e).<\/li>\n\n\n\n<li>Cookies li\u00e9s aux newsletters par e-mail Ce site propose des services d&#039;abonnement \u00e0 des newsletters ou \u00e0 des e-mails, et des cookies peuvent \u00eatre utilis\u00e9s pour vous rappeler si vous \u00eates d\u00e9j\u00e0 inscrit et pour afficher certaines notifications r\u00e9serv\u00e9es aux utilisateurs inscrits ou non abonn\u00e9s.<\/li>\n\n\n\n<li>Cookies li\u00e9s au traitement des commandesCe site propose des services de commerce \u00e9lectronique ou de paiement et certains cookies sont essentiels pour garantir que votre commande soit m\u00e9moris\u00e9e d&#039;une page \u00e0 l&#039;autre afin que nous puissions la traiter correctement.<\/li>\n\n\n\n<li>Cookies li\u00e9s aux enqu\u00eates Nous proposons r\u00e9guli\u00e8rement des enqu\u00eates et des questionnaires afin de fournir des informations int\u00e9ressantes, des outils utiles ou de mieux comprendre nos utilisateurs. Ces enqu\u00eates peuvent utiliser des cookies pour m\u00e9moriser les participants ou pour garantir des r\u00e9sultats pr\u00e9cis m\u00eame apr\u00e8s un changement de page.<\/li>\n\n\n\n<li>Cookies li\u00e9s aux formulaires Lorsque vous soumettez des donn\u00e9es via un formulaire tel que ceux que l&#039;on trouve sur les pages de contact ou les formulaires de commentaires, des cookies peuvent \u00eatre install\u00e9s pour m\u00e9moriser les informations de l&#039;utilisateur en vue de futures correspondances.<\/li>\n\n\n\n<li>Cookies de pr\u00e9f\u00e9rences du site\u00a0: Afin de vous offrir une exp\u00e9rience optimale sur ce site, nous mettons \u00e0 votre disposition des fonctionnalit\u00e9s vous permettant de personnaliser son fonctionnement. Pour m\u00e9moriser vos pr\u00e9f\u00e9rences, nous utilisons des cookies qui nous permettent de les appliquer \u00e0 chaque fois que vous consultez une page concern\u00e9e.<\/li>\n<\/ul>\n\n\n\n<h3 class=\"wp-block-heading\">Cookies tiers<\/h3>\n\n\n\n<p>Dans certains cas particuliers, nous utilisons \u00e9galement des cookies fournis par des tiers de confiance. La section suivante d\u00e9taille les cookies tiers que vous pouvez trouver sur ce site web.<\/p>\n\n\n\n<ul class=\"wp-block-list\">\n<li>Ce site web utilise\u00a0<a href=\"https:\/\/analytics.google.com\/analytics\/web\/\">Google Analytics<\/a>, Nous utilisons des cookies, l&#039;une des solutions d&#039;analyse les plus r\u00e9pandues et les plus fiables du web, pour comprendre votre utilisation du site et am\u00e9liorer votre exp\u00e9rience. Ces cookies peuvent suivre des informations telles que la dur\u00e9e de votre visite et les pages consult\u00e9es, ce qui nous permet de continuer \u00e0 proposer un contenu pertinent.<\/li>\n<\/ul>\n\n\n\n<p>Pour plus d&#039;informations sur les cookies de Google Analytics, consultez la page officielle de Google Analytics.<\/p>\n\n\n\n<ul class=\"wp-block-list\">\n<li>Des outils d&#039;analyse tiers sont utilis\u00e9s pour suivre et mesurer l&#039;utilisation de ce site, afin de nous permettre de continuer \u00e0 proposer un contenu pertinent. Ces cookies peuvent enregistrer des informations telles que le temps pass\u00e9 sur le site ou les pages consult\u00e9es, ce qui nous aide \u00e0 comprendre comment l&#039;am\u00e9liorer.<\/li>\n\n\n\n<li>Nous testons r\u00e9guli\u00e8rement de nouvelles fonctionnalit\u00e9s et apportons des modifications mineures \u00e0 l&#039;apparence du site. Lors de ces tests, ces cookies nous permettent de vous offrir une exp\u00e9rience utilisateur coh\u00e9rente et de comprendre quelles optimisations sont les plus appr\u00e9ci\u00e9es.<\/li>\n\n\n\n<li>Comme nous vendons des produits, il est important de comprendre les statistiques relatives au nombre de visiteurs qui effectuent un achat sur notre site. C&#039;est pourquoi ces cookies permettent de suivre ce type de donn\u00e9es. Ces informations sont importantes pour vous, car elles nous permettent d&#039;\u00e9tablir des pr\u00e9visions commerciales pr\u00e9cises et d&#039;analyser nos co\u00fbts publicitaires et de production afin de vous proposer les meilleurs prix.<\/li>\n<\/ul>\n\n\n\n<h3 class=\"wp-block-heading\">Engagement de l&#039;utilisateur<\/h3>\n\n\n\n<p>L&#039;utilisateur s&#039;engage \u00e0 faire un usage appropri\u00e9 du contenu et des informations qui <a href=\"http:\/\/belivedigital.com\/fr\/\">Croire au num\u00e9rique<\/a> les offres sur le site web et, \u00e0 titre d&#039;exemple non exhaustif\u00a0:<\/p>\n\n\n\n<ul class=\"wp-block-list\">\n<li>A) Ne pas se livrer \u00e0 des activit\u00e9s ill\u00e9gales ou contraires \u00e0 la bonne foi et \u00e0 l\u2019ordre public ;<\/li>\n\n\n\n<li>B) Ne pas diffuser de propagande ou de contenu \u00e0 caract\u00e8re raciste, x\u00e9nophobe, ou faisant la promotion de boutiques de paris, de jeux de hasard, de tout type de pornographie ill\u00e9gale, d&#039;apologie du terrorisme ou d&#039;actes contraires aux droits de l&#039;homme ;<\/li>\n\n\n\n<li>C) Ne pas endommager les syst\u00e8mes physiques (mat\u00e9riels) et logiques (logiciels) de <a href=\"http:\/\/belivedigital.com\/fr\/\">Croire au num\u00e9rique<\/a>, ses fournisseurs ou des tiers, d\u2019introduire ou de diffuser des virus informatiques ou tout autre syst\u00e8me mat\u00e9riel ou logiciel susceptible de causer les dommages susmentionn\u00e9s.<\/li>\n<\/ul>\n\n\n\n<h3 class=\"wp-block-heading\">Bloquer les cookies\u00a0:<\/h3>\n\n\n\n<p>L&#039;utilisateur peut bloquer et\/ou d\u00e9sactiver les cookies de n&#039;importe quel site web, y compris le n\u00f4tre, \u00e0 tout moment. Pour ce faire, acc\u00e9dez aux param\u00e8tres de votre navigateur. Consultez les guides d&#039;aide des principaux navigateurs ci-dessous\u00a0:<\/p>\n\n\n\n<ul class=\"wp-block-list\">\n<li><a href=\"https:\/\/support.google.com\/accounts\/answer\/61416?hl=en\" target=\"_blank\" rel=\"noreferrer noopener\">Google Chrome<\/a><\/li>\n\n\n\n<li><a href=\"https:\/\/support.mozilla.org\/en-US\/kb\/enhanced-tracking-protection-firefox-desktop?redirectlocale=en-US&amp;redirectslug=enable-and-disable-cookies-website-preferences\" target=\"_blank\" rel=\"noreferrer noopener\">Firefox<\/a><\/li>\n\n\n\n<li><a href=\"https:\/\/support.microsoft.com\/pt-br\/help\/17442\/windows-internet-explorer-delete-manage-cookies\" target=\"_blank\" rel=\"noreferrer noopener\">Microsoft Edge<\/a><\/li>\n\n\n\n<li><a href=\"https:\/\/blogs.opera.com\/news\/2015\/08\/how-to-manage-cookies-in-opera\/\" target=\"_blank\" rel=\"noreferrer noopener\">Op\u00e9ra<\/a><\/li>\n\n\n\n<li><a href=\"https:\/\/support.apple.com\/pt-br\/guide\/safari\/sfri11471\/mac\" target=\"_blank\" rel=\"noreferrer noopener\">safari\u00a0<\/a>.<\/li>\n<\/ul>\n\n\n\n<h3 class=\"wp-block-heading\">Plus d&#039;informations<\/h3>\n\n\n\n<p>Nous esp\u00e9rons que cela est clair et, comme mentionn\u00e9 pr\u00e9c\u00e9demment, en cas de doute sur la n\u00e9cessit\u00e9 d&#039;activer ou non les cookies, il est g\u00e9n\u00e9ralement plus s\u00fbr de les laisser activ\u00e9s lorsque vous utilisez l&#039;une des fonctionnalit\u00e9s de notre site web. <\/p>\n\n\n\n<p>Cette politique entre en vigueur \u00e0 compter de&nbsp;<strong>Mer<\/strong>\/<strong>2024<\/strong>.<\/p>","protected":false},"excerpt":{"rendered":"<p>Privacy Policy We take your privacy seriously. Belive Digital, we are committed to protecting your privacy in all information that may be collected on our website and any other websites under our management. We collect personal data only when it is strictly necessary to provide you with our services. This process is carried out fairly [&#8230;]\n","protected":false},"author":6,"featured_media":0,"parent":0,"menu_order":0,"comment_status":"closed","ping_status":"closed","template":"","meta":{"footnotes":""},"class_list":["post-3338","page","type-page","status-publish","hentry"],"_links":{"self":[{"href":"https:\/\/belivedigital.com\/fr\/wp-json\/wp\/v2\/pages\/3338","targetHints":{"allow":["GET"]}}],"collection":[{"href":"https:\/\/belivedigital.com\/fr\/wp-json\/wp\/v2\/pages"}],"about":[{"href":"https:\/\/belivedigital.com\/fr\/wp-json\/wp\/v2\/types\/page"}],"author":[{"embeddable":true,"href":"https:\/\/belivedigital.com\/fr\/wp-json\/wp\/v2\/users\/6"}],"replies":[{"embeddable":true,"href":"https:\/\/belivedigital.com\/fr\/wp-json\/wp\/v2\/comments?post=3338"}],"version-history":[{"count":2,"href":"https:\/\/belivedigital.com\/fr\/wp-json\/wp\/v2\/pages\/3338\/revisions"}],"predecessor-version":[{"id":3747,"href":"https:\/\/belivedigital.com\/fr\/wp-json\/wp\/v2\/pages\/3338\/revisions\/3747"}],"wp:attachment":[{"href":"https:\/\/belivedigital.com\/fr\/wp-json\/wp\/v2\/media?parent=3338"}],"curies":[{"name":"wp","href":"https:\/\/api.w.org\/{rel}","templated":true}]}}