{"id":3346,"date":"2025-07-15T21:19:20","date_gmt":"2025-07-15T21:19:20","guid":{"rendered":"https:\/\/belivedigital.com\/?page_id=3346"},"modified":"2025-07-15T21:19:21","modified_gmt":"2025-07-15T21:19:21","slug":"about-us","status":"publish","type":"page","link":"https:\/\/belivedigital.com\/es\/about-us\/","title":{"rendered":"Sobre nosotros"},"content":{"rendered":"<p>Bienvenido a <strong>Cree en lo digital<\/strong>!<\/p>\n\n\n\n<p>En Belive Digital, nuestra misi\u00f3n es ayudar a particulares y peque\u00f1as empresas a desenvolverse en el complejo mundo de las finanzas. Creemos que todos merecen acceso a informaci\u00f3n financiera clara, pr\u00e1ctica y de alta calidad para tomar decisiones m\u00e1s acertadas y alcanzar sus objetivos.<\/p>\n\n\n\n<h3 class=\"wp-block-heading\">\ud83d\udca1 Qu\u00e9 hacemos<\/h3>\n\n\n\n<p>Creamos contenido bien documentado y f\u00e1cil de entender sobre una amplia gama de temas financieros, que incluyen:<\/p>\n\n\n\n<ul class=\"wp-block-list\">\n<li>Consejos de finanzas personales<\/li>\n\n\n\n<li>Estrategias de presupuestaci\u00f3n y ahorro<\/li>\n\n\n\n<li>Perspectivas de inversi\u00f3n<\/li>\n\n\n\n<li>Herramientas y recursos financieros<\/li>\n\n\n\n<li>Noticias y tendencias del mundo financiero<\/li>\n<\/ul>\n\n\n\n<p>Tanto si buscas gestionar mejor tu presupuesto personal como si quieres hacer crecer las finanzas de tu negocio, estamos aqu\u00ed para apoyarte en tu camino.<\/p>\n\n\n\n<h3 class=\"wp-block-heading\">\ud83d\udd8b Nuestro compromiso<\/h3>\n\n\n\n<p>Nos esforzamos por brindar:<\/p>\n\n\n\n<ul class=\"wp-block-list\">\n<li>Informaci\u00f3n precisa y actualizada<\/li>\n\n\n\n<li>Un tono amigable y directo<\/li>\n\n\n\n<li>Contenido que te empodera para tomar el control de tus finanzas<\/li>\n<\/ul>\n\n\n\n<h3 class=\"wp-block-heading\">\ud83d\udce9 Ponte en contacto<\/h3>\n\n\n\n<p>\u00bfTienes preguntas, comentarios o ideas para nuevos temas? Nos encantar\u00eda saber de ti.<br>Env\u00edanos un correo electr\u00f3nico cuando quieras a <strong><a>contato@belivedigital.com<\/a><\/strong> Le responderemos lo antes posible durante nuestro horario de atenci\u00f3n al cliente, de lunes a viernes, de 8:00 a 18:00 horas.<\/p>","protected":false},"excerpt":{"rendered":"<p>Welcome to Belive Digital! At Belive Digital, our mission is to help individuals and small businesses navigate the complex world of finance. We believe that everyone deserves access to clear, practical, and high-quality financial information to make smarter decisions and achieve their goals. \ud83d\udca1 What We Do We create well-researched, easy-to-understand content on a wide [&#8230;]\n","protected":false},"author":6,"featured_media":0,"parent":0,"menu_order":0,"comment_status":"closed","ping_status":"closed","template":"","meta":{"footnotes":""},"class_list":["post-3346","page","type-page","status-publish","hentry"],"_links":{"self":[{"href":"https:\/\/belivedigital.com\/es\/wp-json\/wp\/v2\/pages\/3346","targetHints":{"allow":["GET"]}}],"collection":[{"href":"https:\/\/belivedigital.com\/es\/wp-json\/wp\/v2\/pages"}],"about":[{"href":"https:\/\/belivedigital.com\/es\/wp-json\/wp\/v2\/types\/page"}],"author":[{"embeddable":true,"href":"https:\/\/belivedigital.com\/es\/wp-json\/wp\/v2\/users\/6"}],"replies":[{"embeddable":true,"href":"https:\/\/belivedigital.com\/es\/wp-json\/wp\/v2\/comments?post=3346"}],"version-history":[{"count":1,"href":"https:\/\/belivedigital.com\/es\/wp-json\/wp\/v2\/pages\/3346\/revisions"}],"predecessor-version":[{"id":3347,"href":"https:\/\/belivedigital.com\/es\/wp-json\/wp\/v2\/pages\/3346\/revisions\/3347"}],"wp:attachment":[{"href":"https:\/\/belivedigital.com\/es\/wp-json\/wp\/v2\/media?parent=3346"}],"curies":[{"name":"wp","href":"https:\/\/api.w.org\/{rel}","templated":true}]}}