{"id":3344,"date":"2025-07-15T21:18:24","date_gmt":"2025-07-15T21:18:24","guid":{"rendered":"https:\/\/belivedigital.com\/?page_id=3344"},"modified":"2025-07-15T21:18:24","modified_gmt":"2025-07-15T21:18:24","slug":"contact-us","status":"publish","type":"page","link":"https:\/\/belivedigital.com\/es\/contact-us\/","title":{"rendered":"Cont\u00e1ctenos"},"content":{"rendered":"<p>\u00a1Nos encantar\u00eda saber de ti! Si tienes preguntas sobre nuestro contenido, sugerencias, oportunidades de colaboraci\u00f3n o simplemente quieres saludar, no dudes en contactarnos.<\/p>\n\n\n\n<h3 class=\"wp-block-heading\">\ud83d\udce7 Correo electr\u00f3nico<\/h3>\n\n\n\n<p>Puedes contactarnos en cualquier momento a trav\u00e9s de:<br><strong><a>contato@belivedigital.com<\/a><\/strong><\/p>\n\n\n\n<p>Respondemos lo m\u00e1s r\u00e1pido posible en d\u00edas h\u00e1biles, desde <strong>De lunes a viernes, de 8:00 a 18:00.<\/strong>.<\/p>\n\n\n\n<h3 class=\"wp-block-heading\">\ud83c\udf0d Direcci\u00f3n<\/h3>\n\n\n\n<p>Cree en lo digital<br><a class=\"\" href=\"https:\/\/belivedigital.com\/es\/\">https:\/\/belivedigital.com<\/a><\/p>","protected":false},"excerpt":{"rendered":"<p>We\u2019d love to hear from you! Whether you have questions about our content, suggestions, partnership opportunities, or simply want to say hello \u2014 feel free to reach out. \ud83d\udce7 Email You can contact us anytime at:contato@belivedigital.com We respond as quickly as possible on business days, from Monday to Friday, 8 AM to 6 PM. \ud83c\udf0d [&#8230;]\n","protected":false},"author":6,"featured_media":0,"parent":0,"menu_order":0,"comment_status":"closed","ping_status":"closed","template":"","meta":{"footnotes":""},"class_list":["post-3344","page","type-page","status-publish","hentry"],"_links":{"self":[{"href":"https:\/\/belivedigital.com\/es\/wp-json\/wp\/v2\/pages\/3344","targetHints":{"allow":["GET"]}}],"collection":[{"href":"https:\/\/belivedigital.com\/es\/wp-json\/wp\/v2\/pages"}],"about":[{"href":"https:\/\/belivedigital.com\/es\/wp-json\/wp\/v2\/types\/page"}],"author":[{"embeddable":true,"href":"https:\/\/belivedigital.com\/es\/wp-json\/wp\/v2\/users\/6"}],"replies":[{"embeddable":true,"href":"https:\/\/belivedigital.com\/es\/wp-json\/wp\/v2\/comments?post=3344"}],"version-history":[{"count":1,"href":"https:\/\/belivedigital.com\/es\/wp-json\/wp\/v2\/pages\/3344\/revisions"}],"predecessor-version":[{"id":3345,"href":"https:\/\/belivedigital.com\/es\/wp-json\/wp\/v2\/pages\/3344\/revisions\/3345"}],"wp:attachment":[{"href":"https:\/\/belivedigital.com\/es\/wp-json\/wp\/v2\/media?parent=3344"}],"curies":[{"name":"wp","href":"https:\/\/api.w.org\/{rel}","templated":true}]}}