{"id":3342,"date":"2025-07-15T21:17:40","date_gmt":"2025-07-15T21:17:40","guid":{"rendered":"https:\/\/belivedigital.com\/?page_id=3342"},"modified":"2025-07-15T21:17:40","modified_gmt":"2025-07-15T21:17:40","slug":"terms-of-use","status":"publish","type":"page","link":"https:\/\/belivedigital.com\/es\/terms-of-use\/","title":{"rendered":"Condiciones de uso"},"content":{"rendered":"<p>Bienvenido a <strong>Cree en lo digital<\/strong>. Accediendo a nuestro sitio web en <a class=\"\" href=\"https:\/\/belivedigital.com\/es\/\">https:\/\/belivedigital.com<\/a>, Usted acepta cumplir y regirse por los siguientes t\u00e9rminos y condiciones. Si no est\u00e1 de acuerdo con alguna parte de estos t\u00e9rminos, le rogamos que no utilice nuestro sitio web.<\/p>\n\n\n\n<h3 class=\"wp-block-heading\">1. Uso del Sitio<\/h3>\n\n\n\n<p>Usted acepta utilizar este sitio web \u00fanicamente para fines legales y de una manera que no infrinja los derechos de terceros, ni restrinja o inhiba el uso y disfrute del sitio web.<\/p>\n\n\n\n<h3 class=\"wp-block-heading\">2. Propiedad intelectual<\/h3>\n\n\n\n<p>Todo el contenido publicado en este sitio, incluidos textos, gr\u00e1ficos, logotipos, im\u00e1genes y otros materiales, es propiedad de <strong>Cree en lo digital<\/strong> o sus proveedores de contenido y est\u00e1 protegido por las leyes internacionales de derechos de autor.<\/p>\n\n\n\n<p>No puede reproducir, distribuir ni explotar ning\u00fan contenido sin nuestro permiso expl\u00edcito por escrito.<\/p>\n\n\n\n<h3 class=\"wp-block-heading\">3. Descargo de responsabilidad<\/h3>\n\n\n\n<p>La informaci\u00f3n proporcionada en este sitio web es solo para fines informativos generales. Si bien nos esforzamos por mantener el contenido preciso y actualizado, <strong>Cree en lo digital<\/strong> no ofrece garant\u00edas ni representaciones de ning\u00fan tipo con respecto a la integridad, precisi\u00f3n o confiabilidad del contenido.<\/p>\n\n\n\n<p>Cualquier acci\u00f3n que usted realice sobre la base de la informaci\u00f3n contenida en este sitio web se realiza estrictamente bajo su propio riesgo.<\/p>\n\n\n\n<h3 class=\"wp-block-heading\">4. Limitaci\u00f3n de responsabilidad<\/h3>\n\n\n\n<p><strong>Cree en lo digital<\/strong> no ser\u00e1 responsable de ninguna p\u00e9rdida y\/o da\u00f1o relacionado con el uso de nuestro sitio web.<\/p>\n\n\n\n<h3 class=\"wp-block-heading\">5. Enlaces a otros sitios web<\/h3>\n\n\n\n<p>Nuestro sitio web puede contener enlaces a sitios web externos que no operamos. No tenemos control sobre el contenido ni las pr\u00e1cticas de estos sitios y no nos responsabilizamos de sus respectivas pol\u00edticas o t\u00e9rminos de privacidad.<\/p>\n\n\n\n<h3 class=\"wp-block-heading\">6. Cambios a estos T\u00e9rminos<\/h3>\n\n\n\n<p>Nos reservamos el derecho de actualizar estas Condiciones de Uso en cualquier momento. Cualquier modificaci\u00f3n entrar\u00e1 en vigor inmediatamente despu\u00e9s de su publicaci\u00f3n en esta p\u00e1gina. Recomendamos a los usuarios que consulten esta p\u00e1gina con frecuencia para estar al tanto de cualquier cambio.<\/p>\n\n\n\n<h3 class=\"wp-block-heading\">7. Ley aplicable<\/h3>\n\n\n\n<p>Estos t\u00e9rminos se regir\u00e1n e interpretar\u00e1n de conformidad con las leyes de la jurisdicci\u00f3n donde <strong>Cree en lo digital<\/strong> opera, sin tener en cuenta sus disposiciones sobre conflicto de leyes.<\/p>\n\n\n\n<h3 class=\"wp-block-heading\">8. Cont\u00e1ctenos<\/h3>\n\n\n\n<p>Si tiene alguna pregunta sobre estos T\u00e9rminos de uso, comun\u00edquese con nosotros:<br>\ud83d\udce7 <strong>Correo electr\u00f3nico:<\/strong> <a>contato@belivedigital.com<\/a><\/p>","protected":false},"excerpt":{"rendered":"<p>Welcome to Belive Digital. By accessing our website at https:\/\/belivedigital.com, you agree to comply with and be bound by the following terms and conditions. If you disagree with any part of these terms, please do not use our website. 1. Use of the Site You agree to use this website only for lawful purposes and [&#8230;]\n","protected":false},"author":6,"featured_media":0,"parent":0,"menu_order":0,"comment_status":"closed","ping_status":"closed","template":"","meta":{"footnotes":""},"class_list":["post-3342","page","type-page","status-publish","hentry"],"_links":{"self":[{"href":"https:\/\/belivedigital.com\/es\/wp-json\/wp\/v2\/pages\/3342","targetHints":{"allow":["GET"]}}],"collection":[{"href":"https:\/\/belivedigital.com\/es\/wp-json\/wp\/v2\/pages"}],"about":[{"href":"https:\/\/belivedigital.com\/es\/wp-json\/wp\/v2\/types\/page"}],"author":[{"embeddable":true,"href":"https:\/\/belivedigital.com\/es\/wp-json\/wp\/v2\/users\/6"}],"replies":[{"embeddable":true,"href":"https:\/\/belivedigital.com\/es\/wp-json\/wp\/v2\/comments?post=3342"}],"version-history":[{"count":1,"href":"https:\/\/belivedigital.com\/es\/wp-json\/wp\/v2\/pages\/3342\/revisions"}],"predecessor-version":[{"id":3343,"href":"https:\/\/belivedigital.com\/es\/wp-json\/wp\/v2\/pages\/3342\/revisions\/3343"}],"wp:attachment":[{"href":"https:\/\/belivedigital.com\/es\/wp-json\/wp\/v2\/media?parent=3342"}],"curies":[{"name":"wp","href":"https:\/\/api.w.org\/{rel}","templated":true}]}}