{"id":3340,"date":"2025-07-15T21:17:18","date_gmt":"2025-07-15T21:17:18","guid":{"rendered":"https:\/\/belivedigital.com\/?page_id=3340"},"modified":"2025-07-15T21:17:18","modified_gmt":"2025-07-15T21:17:18","slug":"cookie-policy","status":"publish","type":"page","link":"https:\/\/belivedigital.com\/es\/cookie-policy\/","title":{"rendered":"Pol\u00edtica de cookies"},"content":{"rendered":"<p>En <strong>Cree en lo digital<\/strong>, Utilizamos cookies y tecnolog\u00edas de seguimiento similares para mejorar su experiencia en nuestro sitio web, analizar el tr\u00e1fico y personalizar el contenido.<\/p>\n\n\n\n<p>Al continuar utilizando nuestro sitio, usted acepta el uso de cookies de acuerdo con esta Pol\u00edtica de Cookies.<\/p>\n\n\n\n<h3 class=\"wp-block-heading\">1. \u00bfQu\u00e9 son las cookies?<\/h3>\n\n\n\n<p>Las cookies son peque\u00f1os archivos de texto que se almacenan en tu dispositivo (ordenador, tableta, tel\u00e9fono inteligente) cuando visitas un sitio web. Ayudan a los sitios web a recordar tus acciones y preferencias a lo largo del tiempo.<\/p>\n\n\n\n<h3 class=\"wp-block-heading\">2. C\u00f3mo utilizamos las cookies<\/h3>\n\n\n\n<p>Utilizamos cookies para:<\/p>\n\n\n\n<ul class=\"wp-block-list\">\n<li>Recordar sus preferencias y configuraciones<\/li>\n\n\n\n<li>Entender c\u00f3mo utiliza nuestro sitio web y qu\u00e9 p\u00e1ginas son las m\u00e1s populares<\/li>\n\n\n\n<li>Mejorar nuestro contenido y experiencia de usuario<\/li>\n\n\n\n<li>Proporcionar marketing y publicidad relevantes (cuando corresponda).<\/li>\n<\/ul>\n\n\n\n<h3 class=\"wp-block-heading\">3. Tipos de cookies que utilizamos<\/h3>\n\n\n\n<ul class=\"wp-block-list\">\n<li><strong>Cookies esenciales:<\/strong> Son necesarios para el correcto funcionamiento del sitio. No se pueden desactivar.<\/li>\n\n\n\n<li><strong>Cookies de an\u00e1lisis:<\/strong> Ay\u00fadenos a comprender c\u00f3mo interact\u00faan los visitantes con nuestro sitio web recopilando datos an\u00f3nimos.<\/li>\n\n\n\n<li><strong>Cookies de funcionalidad:<\/strong> Recuerda tus preferencias para ofrecerte funciones mejoradas.<\/li>\n\n\n\n<li><strong>Cookies publicitarias:<\/strong> Puede usarse para ofrecerle anuncios m\u00e1s relevantes.<\/li>\n<\/ul>\n\n\n\n<h3 class=\"wp-block-heading\">4. Administraci\u00f3n de cookies<\/h3>\n\n\n\n<p>La mayor\u00eda de los navegadores web aceptan cookies autom\u00e1ticamente, pero puedes modificar la configuraci\u00f3n de tu navegador para rechazarlas si lo prefieres. Sin embargo, deshabilitar las cookies puede afectar tu capacidad para usar ciertas partes de nuestro sitio web.<\/p>\n\n\n\n<h3 class=\"wp-block-heading\">5. Cookies de terceros<\/h3>\n\n\n\n<p>Tambi\u00e9n podemos utilizar servicios de terceros (como Google Analytics) que instalan cookies para ayudarnos a analizar el tr\u00e1fico y mejorar nuestros servicios. Estos terceros tienen sus propias pol\u00edticas de privacidad.<\/p>\n\n\n\n<h3 class=\"wp-block-heading\">6. Cambios en esta Pol\u00edtica de Cookies<\/h3>\n\n\n\n<p>Es posible que actualicemos nuestra Pol\u00edtica de cookies peri\u00f3dicamente. Cualquier cambio se publicar\u00e1 en esta p\u00e1gina con la fecha de entrada en vigor actualizada.<\/p>\n\n\n\n<h3 class=\"wp-block-heading\">7. Cont\u00e1ctenos<\/h3>\n\n\n\n<p>Si tiene alguna pregunta sobre nuestro uso de cookies, p\u00f3ngase en contacto con nosotros:<br>\ud83d\udce7 <strong>Correo electr\u00f3nico:<\/strong> <a>contato@belivedigital.com<\/a><\/p>","protected":false},"excerpt":{"rendered":"<p>At Belive Digital, we use cookies and similar tracking technologies to improve your experience on our website, analyze traffic, and personalize content. By continuing to use our site, you consent to our use of cookies in accordance with this Cookie Policy. 1. What Are Cookies? Cookies are small text files stored on your device (computer, [&#8230;]\n","protected":false},"author":6,"featured_media":0,"parent":0,"menu_order":0,"comment_status":"closed","ping_status":"closed","template":"","meta":{"footnotes":""},"class_list":["post-3340","page","type-page","status-publish","hentry"],"_links":{"self":[{"href":"https:\/\/belivedigital.com\/es\/wp-json\/wp\/v2\/pages\/3340","targetHints":{"allow":["GET"]}}],"collection":[{"href":"https:\/\/belivedigital.com\/es\/wp-json\/wp\/v2\/pages"}],"about":[{"href":"https:\/\/belivedigital.com\/es\/wp-json\/wp\/v2\/types\/page"}],"author":[{"embeddable":true,"href":"https:\/\/belivedigital.com\/es\/wp-json\/wp\/v2\/users\/6"}],"replies":[{"embeddable":true,"href":"https:\/\/belivedigital.com\/es\/wp-json\/wp\/v2\/comments?post=3340"}],"version-history":[{"count":1,"href":"https:\/\/belivedigital.com\/es\/wp-json\/wp\/v2\/pages\/3340\/revisions"}],"predecessor-version":[{"id":3341,"href":"https:\/\/belivedigital.com\/es\/wp-json\/wp\/v2\/pages\/3340\/revisions\/3341"}],"wp:attachment":[{"href":"https:\/\/belivedigital.com\/es\/wp-json\/wp\/v2\/media?parent=3340"}],"curies":[{"name":"wp","href":"https:\/\/api.w.org\/{rel}","templated":true}]}}