{"id":3338,"date":"2025-07-15T21:16:12","date_gmt":"2025-07-15T21:16:12","guid":{"rendered":"https:\/\/belivedigital.com\/?page_id=3338"},"modified":"2026-04-07T10:18:15","modified_gmt":"2026-04-07T13:18:15","slug":"privacy-policy","status":"publish","type":"page","link":"https:\/\/belivedigital.com\/es\/privacy-policy\/","title":{"rendered":"pol\u00edtica de privacidad"},"content":{"rendered":"<h1 class=\"wp-block-heading\">pol\u00edtica de privacidad<\/h1>\n\n\n\n<p>Nos tomamos muy en serio su privacidad. <a href=\"http:\/\/belivedigital.com\/es\/\">Cree en lo digital<\/a>, Nos comprometemos a proteger su privacidad en toda la informaci\u00f3n que pueda recopilarse en nuestro sitio web y en cualquier otro sitio web bajo nuestra administraci\u00f3n.<\/p>\n\n\n\n<p>Recopilamos datos personales \u00fanicamente cuando es estrictamente necesario para prestarle nuestros servicios. Este proceso se lleva a cabo de forma justa y con total transparencia, siempre con su consentimiento informado. Adem\u00e1s, le explicamos los motivos de la recopilaci\u00f3n y el uso que se har\u00e1 de la informaci\u00f3n.<\/p>\n\n\n\n<p>Conservamos los datos recopilados \u00fanicamente durante el tiempo necesario para prestarle el servicio solicitado. Utilizamos medidas de seguridad est\u00e1ndar del sector para proteger los datos almacenados contra cualquier tipo de p\u00e9rdida, robo, acceso no autorizado, divulgaci\u00f3n indebida, copia o alteraci\u00f3n.<\/p>\n\n\n\n<p>No divulgamos sus datos personales p\u00fablicamente ni a terceros, salvo que as\u00ed lo exijan las obligaciones legales.<\/p>\n\n\n\n<p>Nuestro sitio web puede contener enlaces a sitios web externos que est\u00e1n fuera de nuestro control. Tenga en cuenta que no nos hacemos responsables de las pol\u00edticas de privacidad ni del contenido de estos sitios web externos.<\/p>\n\n\n\n<p>Usted tiene todo el derecho a negarse a proporcionarnos sus datos personales, aunque esto puede limitar nuestra capacidad para brindarle ciertos servicios.<\/p>\n\n\n\n<p>Al continuar utilizando nuestro sitio web, usted acepta nuestras pol\u00edticas de protecci\u00f3n de la privacidad y del tratamiento de sus datos personales. Si tiene alguna pregunta sobre c\u00f3mo gestionamos su informaci\u00f3n, no dude en contactarnos.<\/p>\n\n\n\n<h2 class=\"wp-block-heading\"><a href=\"http:\/\/belivedigital.com\/es\/\">Cree en lo digital<\/a> Seguridad del sitio web<\/h2>\n\n\n\n<p>El sitio web es confiable y seguro para el usuario seg\u00fan lo informado por&nbsp;<a href=\"https:\/\/sitecheck.com.br\/\" target=\"_BLANK\" rel=\"noreferrer noopener\">Verificaci\u00f3n del sitio web<\/a>. La p\u00e1gina verifica la informaci\u00f3n del sitio web para identificar posibles problemas de seguridad.<\/p>\n\n\n\n<h2 class=\"wp-block-heading\"><a href=\"http:\/\/belivedigital.com\/es\/\">Cree en lo digital<\/a> Pol\u00edtica de cookies<\/h2>\n\n\n\n<h3 class=\"wp-block-heading\">\u00bfQu\u00e9 son las cookies?<\/h3>\n\n\n\n<p>Como es pr\u00e1ctica habitual en casi todos los sitios web profesionales, este sitio utiliza cookies, que son peque\u00f1os archivos que se descargan en su ordenador, para mejorar su experiencia. Esta p\u00e1gina describe qu\u00e9 informaci\u00f3n recopilan, c\u00f3mo la utilizamos y por qu\u00e9 a veces necesitamos almacenar estas cookies. Tambi\u00e9n le explicaremos c\u00f3mo puede evitar que se almacenen estas cookies; sin embargo, esto podr\u00eda afectar negativamente o incluso inutilizar algunas funciones del sitio web.<\/p>\n\n\n\n<h3 class=\"wp-block-heading\">\u00bfC\u00f3mo utilizamos las cookies?<\/h3>\n\n\n\n<p>Utilizamos cookies por diversas razones, que se detallan a continuaci\u00f3n. Lamentablemente, en la mayor\u00eda de los casos, no existen opciones est\u00e1ndar para desactivar las cookies sin deshabilitar por completo la funcionalidad y las caracter\u00edsticas que aportan a este sitio web. Se recomienda que mantenga todas las cookies si no est\u00e1 seguro de si las necesita o no, especialmente si se utilizan para proporcionar un servicio que usted utiliza.<\/p>\n\n\n\n<h3 class=\"wp-block-heading\">Deshabilitar cookies<\/h3>\n\n\n\n<p>Puedes impedir que se instalen cookies ajustando la configuraci\u00f3n de tu navegador (consulta la ayuda de tu navegador para saber c\u00f3mo hacerlo). Ten en cuenta que deshabilitar las cookies afectar\u00e1 al funcionamiento de este y muchos otros sitios web que visites. Generalmente, deshabilitar las cookies tambi\u00e9n deshabilitar\u00e1 ciertas funciones de este sitio. Por lo tanto, te recomendamos que no las desactives.<\/p>\n\n\n\n<h3 class=\"wp-block-heading\">Cookies que configuramos<\/h3>\n\n\n\n<ul class=\"wp-block-list\">\n<li>Cookies relacionadas con la cuenta: Si crea una cuenta con nosotros, utilizaremos cookies para gestionar el proceso de registro y la administraci\u00f3n general. Estas cookies generalmente se eliminan al cerrar sesi\u00f3n; sin embargo, en algunos casos pueden permanecer para recordar sus preferencias del sitio web al cerrar sesi\u00f3n.<\/li>\n\n\n\n<li>Cookies relacionadas con el inicio de sesi\u00f3n: Utilizamos cookies cuando inicias sesi\u00f3n para recordar esta acci\u00f3n. Esto evita que tengas que iniciar sesi\u00f3n cada vez que visites una p\u00e1gina nueva. Estas cookies se eliminan o borran normalmente al cerrar sesi\u00f3n para garantizar que solo puedas acceder a las funciones y \u00e1reas restringidas cuando inicies sesi\u00f3n.<\/li>\n\n\n\n<li>Cookies relacionadas con boletines informativos por correo electr\u00f3nico Este sitio ofrece servicios de suscripci\u00f3n a boletines informativos o correos electr\u00f3nicos y se pueden utilizar cookies para recordarle si ya est\u00e1 registrado y si se deben mostrar ciertas notificaciones v\u00e1lidas solo para usuarios registrados\/no suscritos.<\/li>\n\n\n\n<li>Cookies relacionadas con el procesamiento de pedidos. Este sitio ofrece servicios de comercio electr\u00f3nico o pago, y algunas cookies son esenciales para garantizar que su pedido se recuerde entre p\u00e1ginas y podamos procesarlo correctamente.<\/li>\n\n\n\n<li>Cookies relacionadas con encuestas: De vez en cuando, ofrecemos encuestas y cuestionarios para brindar informaci\u00f3n interesante, herramientas \u00fatiles o para comprender mejor a nuestros usuarios. Estas encuestas pueden usar cookies para recordar qui\u00e9n ya ha participado o para mostrar resultados precisos despu\u00e9s de cambiar de p\u00e1gina.<\/li>\n\n\n\n<li>Cookies relacionadas con formularios: Cuando usted env\u00eda datos a trav\u00e9s de un formulario, como los que se encuentran en las p\u00e1ginas de contacto o en los formularios de comentarios, se pueden configurar cookies para recordar los datos del usuario para futuras comunicaciones.<\/li>\n\n\n\n<li>Cookies de preferencias del sitio: Para brindarle una excelente experiencia en este sitio, ofrecemos la posibilidad de configurar sus preferencias sobre c\u00f3mo funciona el sitio cuando lo utiliza. Para recordar sus preferencias, necesitamos usar cookies para que esta informaci\u00f3n se pueda recuperar cada vez que interact\u00fae con una p\u00e1gina afectada por sus preferencias.<\/li>\n<\/ul>\n\n\n\n<h3 class=\"wp-block-heading\">Cookies de terceros<\/h3>\n\n\n\n<p>En algunos casos especiales, tambi\u00e9n utilizamos cookies proporcionadas por terceros de confianza. La siguiente secci\u00f3n detalla qu\u00e9 cookies de terceros puede encontrar en este sitio web.<\/p>\n\n\n\n<ul class=\"wp-block-list\">\n<li>Este sitio web utiliza el\u00a0<a href=\"https:\/\/analytics.google.com\/analytics\/web\/\">Google Analytics<\/a>, Utilizamos cookies, una de las soluciones de an\u00e1lisis web m\u00e1s extendidas y fiables, para comprender c\u00f3mo usas el sitio y c\u00f3mo podemos mejorar tu experiencia. Estas cookies pueden registrar informaci\u00f3n como el tiempo que pasas en el sitio y las p\u00e1ginas que visitas, lo que nos permite seguir creando contenido interesante.<\/li>\n<\/ul>\n\n\n\n<p>Para obtener m\u00e1s informaci\u00f3n sobre las cookies de Google Analytics, consulte la p\u00e1gina oficial de Google Analytics.<\/p>\n\n\n\n<ul class=\"wp-block-list\">\n<li>Utilizamos herramientas de an\u00e1lisis de terceros para rastrear y medir el uso de este sitio web, lo que nos permite seguir creando contenido atractivo. Estas cookies registran informaci\u00f3n como el tiempo que pasas en el sitio o las p\u00e1ginas que visitas, lo que nos ayuda a comprender c\u00f3mo podemos mejorarlo para ti.<\/li>\n\n\n\n<li>Peri\u00f3dicamente probamos nuevas funciones y realizamos peque\u00f1os cambios en la apariencia del sitio. Mientras probamos estas nuevas funciones, podemos usar cookies para garantizar una experiencia consistente en el sitio y comprender qu\u00e9 optimizaciones aprecian m\u00e1s nuestros usuarios.<\/li>\n\n\n\n<li>Dado que vendemos productos, es importante conocer las estad\u00edsticas sobre cu\u00e1ntos visitantes de nuestro sitio web realizan una compra. Por lo tanto, este es el tipo de datos que recopilan estas cookies. Esto es importante para usted, ya que nos permite realizar previsiones comerciales precisas que nos ayudan a analizar nuestros costes de publicidad y productos para garantizar el mejor precio posible.<\/li>\n<\/ul>\n\n\n\n<h3 class=\"wp-block-heading\">Compromiso del usuario<\/h3>\n\n\n\n<p>El usuario se compromete a hacer un uso adecuado del contenido y la informaci\u00f3n que <a href=\"http:\/\/belivedigital.com\/es\/\">Cree en lo digital<\/a> ofertas en el sitio web y, a modo de ejemplo pero sin limitarse a:<\/p>\n\n\n\n<ul class=\"wp-block-list\">\n<li>A) No participar en actividades que sean ilegales o contrarias a la buena fe y al orden p\u00fablico;<\/li>\n\n\n\n<li>B) No difundir propaganda o contenido de car\u00e1cter racista, xen\u00f3fobo, ni casas de apuestas, juegos de azar, ning\u00fan tipo de pornograf\u00eda ilegal, apolog\u00eda del terrorismo o contra los derechos humanos;<\/li>\n\n\n\n<li>C) No causar da\u00f1os a los sistemas f\u00edsicos (hardware) y l\u00f3gicos (software) de <a href=\"http:\/\/belivedigital.com\/es\/\">Cree en lo digital<\/a>, sus proveedores o terceros, para introducir o difundir virus inform\u00e1ticos o cualquier otro sistema de hardware o software que sea capaz de causar los da\u00f1os mencionados anteriormente.<\/li>\n<\/ul>\n\n\n\n<h3 class=\"wp-block-heading\">Bloquear cookies:<\/h3>\n\n\n\n<p>El usuario puede bloquear o deshabilitar las cookies de cualquier sitio web, incluido el nuestro, en cualquier momento. Para ello, acceda a la configuraci\u00f3n de su navegador. Consulte las gu\u00edas de ayuda de los principales navegadores a continuaci\u00f3n:<\/p>\n\n\n\n<ul class=\"wp-block-list\">\n<li><a href=\"https:\/\/support.google.com\/accounts\/answer\/61416?hl=en\" target=\"_blank\" rel=\"noreferrer noopener\">Google Chrome<\/a><\/li>\n\n\n\n<li><a href=\"https:\/\/support.mozilla.org\/en-US\/kb\/enhanced-tracking-protection-firefox-desktop?redirectlocale=en-US&amp;redirectslug=enable-and-disable-cookies-website-preferences\" target=\"_blank\" rel=\"noreferrer noopener\">Firefox<\/a><\/li>\n\n\n\n<li><a href=\"https:\/\/support.microsoft.com\/pt-br\/help\/17442\/windows-internet-explorer-delete-manage-cookies\" target=\"_blank\" rel=\"noreferrer noopener\">Microsoft Edge<\/a><\/li>\n\n\n\n<li><a href=\"https:\/\/blogs.opera.com\/news\/2015\/08\/how-to-manage-cookies-in-opera\/\" target=\"_blank\" rel=\"noreferrer noopener\">\u00d3pera<\/a><\/li>\n\n\n\n<li><a href=\"https:\/\/support.apple.com\/pt-br\/guide\/safari\/sfri11471\/mac\" target=\"_blank\" rel=\"noreferrer noopener\">safari\u00a0<\/a>.<\/li>\n<\/ul>\n\n\n\n<h3 class=\"wp-block-heading\">M\u00e1s informaci\u00f3n<\/h3>\n\n\n\n<p>Esperemos que quede claro y, como ya se ha mencionado, si no est\u00e1 seguro de si necesita o no las cookies, por lo general es m\u00e1s seguro dejarlas habilitadas si interact\u00faa con alguna de las funciones que utiliza en nuestro sitio web. <\/p>\n\n\n\n<p>Esta pol\u00edtica entra en vigor a partir de&nbsp;<strong>Mar<\/strong>\/<strong>2024<\/strong>.<\/p>","protected":false},"excerpt":{"rendered":"<p>Privacy Policy We take your privacy seriously. Belive Digital, we are committed to protecting your privacy in all information that may be collected on our website and any other websites under our management. We collect personal data only when it is strictly necessary to provide you with our services. This process is carried out fairly [&#8230;]\n","protected":false},"author":6,"featured_media":0,"parent":0,"menu_order":0,"comment_status":"closed","ping_status":"closed","template":"","meta":{"footnotes":""},"class_list":["post-3338","page","type-page","status-publish","hentry"],"_links":{"self":[{"href":"https:\/\/belivedigital.com\/es\/wp-json\/wp\/v2\/pages\/3338","targetHints":{"allow":["GET"]}}],"collection":[{"href":"https:\/\/belivedigital.com\/es\/wp-json\/wp\/v2\/pages"}],"about":[{"href":"https:\/\/belivedigital.com\/es\/wp-json\/wp\/v2\/types\/page"}],"author":[{"embeddable":true,"href":"https:\/\/belivedigital.com\/es\/wp-json\/wp\/v2\/users\/6"}],"replies":[{"embeddable":true,"href":"https:\/\/belivedigital.com\/es\/wp-json\/wp\/v2\/comments?post=3338"}],"version-history":[{"count":2,"href":"https:\/\/belivedigital.com\/es\/wp-json\/wp\/v2\/pages\/3338\/revisions"}],"predecessor-version":[{"id":3747,"href":"https:\/\/belivedigital.com\/es\/wp-json\/wp\/v2\/pages\/3338\/revisions\/3747"}],"wp:attachment":[{"href":"https:\/\/belivedigital.com\/es\/wp-json\/wp\/v2\/media?parent=3338"}],"curies":[{"name":"wp","href":"https:\/\/api.w.org\/{rel}","templated":true}]}}