{"id":3346,"date":"2025-07-15T21:19:20","date_gmt":"2025-07-15T21:19:20","guid":{"rendered":"https:\/\/belivedigital.com\/?page_id=3346"},"modified":"2025-07-15T21:19:21","modified_gmt":"2025-07-15T21:19:21","slug":"about-us","status":"publish","type":"page","link":"https:\/\/belivedigital.com\/de\/about-us\/","title":{"rendered":"\u00dcber uns"},"content":{"rendered":"<p>Willkommen bei <strong>Belive Digital<\/strong>!<\/p>\n\n\n\n<p>Bei Belive Digital ist es unsere Mission, Privatpersonen und kleinen Unternehmen zu helfen, sich in der komplexen Finanzwelt zurechtzufinden. Wir sind \u00fcberzeugt, dass jeder Zugang zu klaren, praxisnahen und qualitativ hochwertigen Finanzinformationen verdient, um fundiertere Entscheidungen zu treffen und seine Ziele zu erreichen.<\/p>\n\n\n\n<h3 class=\"wp-block-heading\">\ud83d\udca1 Was wir tun<\/h3>\n\n\n\n<p>Wir erstellen gut recherchierte, leicht verst\u00e4ndliche Inhalte zu einer breiten Palette von Finanzthemen, darunter:<\/p>\n\n\n\n<ul class=\"wp-block-list\">\n<li>Tipps zur pers\u00f6nlichen Finanzplanung<\/li>\n\n\n\n<li>Budgetierungs- und Sparstrategien<\/li>\n\n\n\n<li>Einblicke in Investitionen<\/li>\n\n\n\n<li>Finanzinstrumente und Ressourcen<\/li>\n\n\n\n<li>Neuigkeiten und Trends aus der Finanzwelt<\/li>\n<\/ul>\n\n\n\n<p>Egal ob Sie Ihr pers\u00f6nliches Budget besser verwalten oder Ihre Unternehmensfinanzen ausbauen m\u00f6chten, wir unterst\u00fctzen Sie dabei.<\/p>\n\n\n\n<h3 class=\"wp-block-heading\">\ud83d\udd8b Unser Versprechen<\/h3>\n\n\n\n<p>Wir sind bestrebt, Folgendes zu bieten:<\/p>\n\n\n\n<ul class=\"wp-block-list\">\n<li>Genaue und aktuelle Informationen<\/li>\n\n\n\n<li>Ein freundlicher, unkomplizierter Ton<\/li>\n\n\n\n<li>Inhalte, die Sie bef\u00e4higen, die Kontrolle \u00fcber Ihre Finanzen zu \u00fcbernehmen.<\/li>\n<\/ul>\n\n\n\n<h3 class=\"wp-block-heading\">\ud83d\udce9 Nehmen Sie Kontakt auf<\/h3>\n\n\n\n<p>Haben Sie Fragen, Feedback oder Ideen f\u00fcr neue Themen? Wir freuen uns, von Ihnen zu h\u00f6ren.<br>Schreiben Sie uns jederzeit eine E-Mail an <strong><a>contato@belivedigital.com<\/a><\/strong> Wir melden uns so schnell wie m\u00f6glich w\u00e4hrend unserer Gesch\u00e4ftszeiten, Montag bis Freitag, von 8:00 bis 18:00 Uhr, bei Ihnen zur\u00fcck.<\/p>","protected":false},"excerpt":{"rendered":"<p>Welcome to Belive Digital! At Belive Digital, our mission is to help individuals and small businesses navigate the complex world of finance. We believe that everyone deserves access to clear, practical, and high-quality financial information to make smarter decisions and achieve their goals. \ud83d\udca1 What We Do We create well-researched, easy-to-understand content on a wide [&#8230;]\n","protected":false},"author":6,"featured_media":0,"parent":0,"menu_order":0,"comment_status":"closed","ping_status":"closed","template":"","meta":{"footnotes":""},"class_list":["post-3346","page","type-page","status-publish","hentry"],"_links":{"self":[{"href":"https:\/\/belivedigital.com\/de\/wp-json\/wp\/v2\/pages\/3346","targetHints":{"allow":["GET"]}}],"collection":[{"href":"https:\/\/belivedigital.com\/de\/wp-json\/wp\/v2\/pages"}],"about":[{"href":"https:\/\/belivedigital.com\/de\/wp-json\/wp\/v2\/types\/page"}],"author":[{"embeddable":true,"href":"https:\/\/belivedigital.com\/de\/wp-json\/wp\/v2\/users\/6"}],"replies":[{"embeddable":true,"href":"https:\/\/belivedigital.com\/de\/wp-json\/wp\/v2\/comments?post=3346"}],"version-history":[{"count":1,"href":"https:\/\/belivedigital.com\/de\/wp-json\/wp\/v2\/pages\/3346\/revisions"}],"predecessor-version":[{"id":3347,"href":"https:\/\/belivedigital.com\/de\/wp-json\/wp\/v2\/pages\/3346\/revisions\/3347"}],"wp:attachment":[{"href":"https:\/\/belivedigital.com\/de\/wp-json\/wp\/v2\/media?parent=3346"}],"curies":[{"name":"wp","href":"https:\/\/api.w.org\/{rel}","templated":true}]}}