{"id":3340,"date":"2025-07-15T21:17:18","date_gmt":"2025-07-15T21:17:18","guid":{"rendered":"https:\/\/belivedigital.com\/?page_id=3340"},"modified":"2025-07-15T21:17:18","modified_gmt":"2025-07-15T21:17:18","slug":"cookie-policy","status":"publish","type":"page","link":"https:\/\/belivedigital.com\/de\/cookie-policy\/","title":{"rendered":"Cookie-Richtlinie"},"content":{"rendered":"<p>Bei <strong>Belive Digital<\/strong>, Wir verwenden Cookies und \u00e4hnliche Tracking-Technologien, um Ihre Erfahrung auf unserer Website zu verbessern, den Datenverkehr zu analysieren und Inhalte zu personalisieren.<\/p>\n\n\n\n<p>Indem Sie unsere Website weiterhin nutzen, stimmen Sie der Verwendung von Cookies gem\u00e4\u00df dieser Cookie-Richtlinie zu.<\/p>\n\n\n\n<h3 class=\"wp-block-heading\">1. Was sind Cookies?<\/h3>\n\n\n\n<p>Cookies sind kleine Textdateien, die auf Ihrem Ger\u00e4t (Computer, Tablet, Smartphone) gespeichert werden, wenn Sie eine Website besuchen. Sie helfen Websites dabei, Ihre Aktionen und Pr\u00e4ferenzen im Laufe der Zeit zu speichern.<\/p>\n\n\n\n<h3 class=\"wp-block-heading\">2. Wie wir Cookies verwenden<\/h3>\n\n\n\n<p>Wir verwenden Cookies, um:<\/p>\n\n\n\n<ul class=\"wp-block-list\">\n<li>Ihre Pr\u00e4ferenzen und Einstellungen speichern<\/li>\n\n\n\n<li>Verstehen Sie, wie Sie unsere Website nutzen und welche Seiten am beliebtesten sind.<\/li>\n\n\n\n<li>Wir verbessern unsere Inhalte und die Benutzererfahrung.<\/li>\n\n\n\n<li>Relevante Marketing- und Werbema\u00dfnahmen bereitstellen (sofern zutreffend).<\/li>\n<\/ul>\n\n\n\n<h3 class=\"wp-block-heading\">3. Arten von Cookies, die wir verwenden<\/h3>\n\n\n\n<ul class=\"wp-block-list\">\n<li><strong>Essenzielle Cookies:<\/strong> Diese Funktionen sind f\u00fcr das ordnungsgem\u00e4\u00dfe Funktionieren der Website erforderlich und k\u00f6nnen nicht deaktiviert werden.<\/li>\n\n\n\n<li><strong>Analyse-Cookies:<\/strong> Helfen Sie uns zu verstehen, wie Besucher mit unserer Website interagieren, indem Sie anonyme Daten sammeln.<\/li>\n\n\n\n<li><strong>Funktionale Cookies:<\/strong> Ihre Pr\u00e4ferenzen werden gespeichert, um Ihnen erweiterte Funktionen bieten zu k\u00f6nnen.<\/li>\n\n\n\n<li><strong>Werbe-Cookies:<\/strong> Kann verwendet werden, um Ihnen relevantere Werbung anzuzeigen.<\/li>\n<\/ul>\n\n\n\n<h3 class=\"wp-block-heading\">4. Cookies verwalten<\/h3>\n\n\n\n<p>Die meisten Webbrowser akzeptieren Cookies automatisch. Sie k\u00f6nnen Ihre Browsereinstellungen jedoch so \u00e4ndern, dass Cookies abgelehnt werden. Beachten Sie jedoch, dass die Deaktivierung von Cookies die Nutzung bestimmter Bereiche unserer Website beeintr\u00e4chtigen kann.<\/p>\n\n\n\n<h3 class=\"wp-block-heading\">5. Cookies von Drittanbietern<\/h3>\n\n\n\n<p>Wir k\u00f6nnen auch Dienste von Drittanbietern (wie Google Analytics) nutzen, die Cookies setzen, um uns bei der Analyse des Datenverkehrs und der Verbesserung unserer Dienste zu unterst\u00fctzen. Diese Drittanbieter haben eigene Datenschutzrichtlinien.<\/p>\n\n\n\n<h3 class=\"wp-block-heading\">6. \u00c4nderungen dieser Cookie-Richtlinie<\/h3>\n\n\n\n<p>Wir k\u00f6nnen unsere Cookie-Richtlinie von Zeit zu Zeit aktualisieren. Alle \u00c4nderungen werden auf dieser Seite mit dem aktualisierten G\u00fcltigkeitsdatum ver\u00f6ffentlicht.<\/p>\n\n\n\n<h3 class=\"wp-block-heading\">7. Kontaktieren Sie uns<\/h3>\n\n\n\n<p>Wenn Sie Fragen zu unserer Verwendung von Cookies haben, kontaktieren Sie uns bitte:<br>\ud83d\udce7 <strong>E-Mail:<\/strong> <a>contato@belivedigital.com<\/a><\/p>","protected":false},"excerpt":{"rendered":"<p>At Belive Digital, we use cookies and similar tracking technologies to improve your experience on our website, analyze traffic, and personalize content. By continuing to use our site, you consent to our use of cookies in accordance with this Cookie Policy. 1. What Are Cookies? Cookies are small text files stored on your device (computer, [&#8230;]\n","protected":false},"author":6,"featured_media":0,"parent":0,"menu_order":0,"comment_status":"closed","ping_status":"closed","template":"","meta":{"footnotes":""},"class_list":["post-3340","page","type-page","status-publish","hentry"],"_links":{"self":[{"href":"https:\/\/belivedigital.com\/de\/wp-json\/wp\/v2\/pages\/3340","targetHints":{"allow":["GET"]}}],"collection":[{"href":"https:\/\/belivedigital.com\/de\/wp-json\/wp\/v2\/pages"}],"about":[{"href":"https:\/\/belivedigital.com\/de\/wp-json\/wp\/v2\/types\/page"}],"author":[{"embeddable":true,"href":"https:\/\/belivedigital.com\/de\/wp-json\/wp\/v2\/users\/6"}],"replies":[{"embeddable":true,"href":"https:\/\/belivedigital.com\/de\/wp-json\/wp\/v2\/comments?post=3340"}],"version-history":[{"count":1,"href":"https:\/\/belivedigital.com\/de\/wp-json\/wp\/v2\/pages\/3340\/revisions"}],"predecessor-version":[{"id":3341,"href":"https:\/\/belivedigital.com\/de\/wp-json\/wp\/v2\/pages\/3340\/revisions\/3341"}],"wp:attachment":[{"href":"https:\/\/belivedigital.com\/de\/wp-json\/wp\/v2\/media?parent=3340"}],"curies":[{"name":"wp","href":"https:\/\/api.w.org\/{rel}","templated":true}]}}