{"id":3338,"date":"2025-07-15T21:16:12","date_gmt":"2025-07-15T21:16:12","guid":{"rendered":"https:\/\/belivedigital.com\/?page_id=3338"},"modified":"2026-04-07T10:18:15","modified_gmt":"2026-04-07T13:18:15","slug":"privacy-policy","status":"publish","type":"page","link":"https:\/\/belivedigital.com\/de\/privacy-policy\/","title":{"rendered":"Datenschutzrichtlinie"},"content":{"rendered":"<h1 class=\"wp-block-heading\">Datenschutzrichtlinie<\/h1>\n\n\n\n<p>Wir nehmen Ihre Privatsph\u00e4re ernst. <a href=\"http:\/\/belivedigital.com\/de\/\">Belive Digital<\/a>, Wir verpflichten uns, Ihre Privatsph\u00e4re in Bezug auf alle Informationen, die auf unserer Website und allen anderen von uns verwalteten Websites erfasst werden, zu sch\u00fctzen.<\/p>\n\n\n\n<p>Wir erheben personenbezogene Daten nur, wenn dies unbedingt erforderlich ist, um Ihnen unsere Dienstleistungen anbieten zu k\u00f6nnen. Dieser Vorgang erfolgt fair und transparent, stets mit Ihrer informierten Einwilligung. Dar\u00fcber hinaus erl\u00e4utern wir Ihnen die Gr\u00fcnde f\u00fcr die Erhebung und die Verwendung Ihrer Daten.<\/p>\n\n\n\n<p>Wir speichern die erhobenen Daten nur so lange, wie es zur Erbringung der von Ihnen angeforderten Dienstleistung erforderlich ist. Wir setzen branchen\u00fcbliche Sicherheitsma\u00dfnahmen ein, um die gespeicherten Daten vor Verlust, Diebstahl, unbefugtem Zugriff, unberechtigter Weitergabe, Kopieren oder Ver\u00e4nderung zu sch\u00fctzen.<\/p>\n\n\n\n<p>Wir geben Ihre personenbezogenen Daten nicht \u00f6ffentlich oder an Dritte weiter, es sei denn, dies ist aufgrund gesetzlicher Verpflichtungen erforderlich.<\/p>\n\n\n\n<p>Unsere Website kann Links zu externen Websites enthalten, die au\u00dferhalb unserer Kontrolle liegen. Bitte beachten Sie, dass wir weder f\u00fcr die Datenschutzrichtlinien noch f\u00fcr die Inhalte dieser externen Websites verantwortlich sind.<\/p>\n\n\n\n<p>Sie haben selbstverst\u00e4ndlich das Recht, uns Ihre personenbezogenen Daten zu verweigern, allerdings kann dies unsere M\u00f6glichkeiten einschr\u00e4nken, Ihnen bestimmte Dienstleistungen anzubieten.<\/p>\n\n\n\n<p>Durch die weitere Nutzung unserer Website erkl\u00e4ren Sie sich mit unseren Datenschutzrichtlinien und Bestimmungen zur Verarbeitung personenbezogener Daten einverstanden. Bei Fragen zur Verarbeitung Ihrer Daten k\u00f6nnen Sie sich jederzeit an uns wenden.<\/p>\n\n\n\n<h2 class=\"wp-block-heading\"><a href=\"http:\/\/belivedigital.com\/de\/\">Belive Digital<\/a> Website-Sicherheit<\/h2>\n\n\n\n<p>Die Website ist laut Aussage des Anbieters zuverl\u00e4ssig und sicher f\u00fcr den Nutzer.&nbsp;<a href=\"https:\/\/sitecheck.com.br\/\" target=\"_BLANK\" rel=\"noreferrer noopener\">Website-Check<\/a>. Die Seite \u00fcberpr\u00fcft Website-Informationen, um potenzielle Sicherheitsprobleme zu identifizieren.<\/p>\n\n\n\n<h2 class=\"wp-block-heading\"><a href=\"http:\/\/belivedigital.com\/de\/\">Belive Digital<\/a> Cookie-Richtlinie<\/h2>\n\n\n\n<h3 class=\"wp-block-heading\">Was sind Cookies?<\/h3>\n\n\n\n<p>Wie auf fast allen professionellen Websites \u00fcblich, verwendet auch diese Website Cookies. Dabei handelt es sich um kleine Dateien, die auf Ihren Computer heruntergeladen werden, um Ihre Benutzererfahrung zu verbessern. Diese Seite beschreibt, welche Informationen Cookies sammeln, wie wir diese verwenden und warum wir sie manchmal speichern m\u00fcssen. Wir erkl\u00e4ren Ihnen auch, wie Sie das Speichern von Cookies verhindern k\u00f6nnen. Beachten Sie jedoch, dass dies die Funktionalit\u00e4t bestimmter Website-Elemente beeintr\u00e4chtigen oder diese sogar au\u00dfer Kraft setzen kann.<\/p>\n\n\n\n<h3 class=\"wp-block-heading\">Wie verwenden wir Cookies?<\/h3>\n\n\n\n<p>Wir verwenden Cookies aus verschiedenen Gr\u00fcnden, die im Folgenden erl\u00e4utert werden. Leider gibt es in den meisten F\u00e4llen keine branchen\u00fcblichen Optionen, Cookies zu deaktivieren, ohne die Funktionalit\u00e4t und die Funktionen dieser Website, die sie bereitstellen, vollst\u00e4ndig zu deaktivieren. Wir empfehlen Ihnen, alle Cookies aktiviert zu lassen, wenn Sie sich nicht sicher sind, ob Sie diese ben\u00f6tigen oder ob sie f\u00fcr einen von Ihnen genutzten Dienst erforderlich sind.<\/p>\n\n\n\n<h3 class=\"wp-block-heading\">Cookies deaktivieren<\/h3>\n\n\n\n<p>Sie k\u00f6nnen das Setzen von Cookies verhindern, indem Sie Ihre Browsereinstellungen anpassen (Anweisungen dazu finden Sie in der Hilfe Ihres Browsers). Beachten Sie jedoch, dass die Deaktivierung von Cookies die Funktionalit\u00e4t dieser und vieler anderer Websites beeintr\u00e4chtigt. Im Allgemeinen f\u00fchrt die Deaktivierung von Cookies dazu, dass bestimmte Funktionen dieser Website nicht mehr verf\u00fcgbar sind. Daher wird empfohlen, Cookies nicht zu deaktivieren.<\/p>\n\n\n\n<h3 class=\"wp-block-heading\">Cookies, die wir setzen<\/h3>\n\n\n\n<ul class=\"wp-block-list\">\n<li>Kontobezogene Cookies: Wenn Sie ein Konto bei uns erstellen, verwenden wir Cookies, um den Registrierungsprozess und die allgemeine Verwaltung zu verwalten. Diese Cookies werden in der Regel beim Abmelden gel\u00f6scht. In einigen F\u00e4llen bleiben sie jedoch erhalten, um Ihre Website-Einstellungen auch nach dem Abmelden zu speichern.<\/li>\n\n\n\n<li>Login-Cookies: Wir verwenden Cookies, wenn Sie angemeldet sind, um diese Aktion zu speichern. Dadurch m\u00fcssen Sie sich nicht bei jedem Seitenaufruf erneut anmelden. Diese Cookies werden in der Regel beim Abmelden gel\u00f6scht, um sicherzustellen, dass Sie nur im angemeldeten Zustand auf gesch\u00fctzte Bereiche und Funktionen zugreifen k\u00f6nnen.<\/li>\n\n\n\n<li>Cookies im Zusammenhang mit E-Mail-NewsletternDiese Website bietet Newsletter- oder E-Mail-Abonnementdienste an, und es k\u00f6nnen Cookies verwendet werden, um Sie daran zu erinnern, ob Sie bereits registriert sind und ob bestimmte Benachrichtigungen angezeigt werden sollen, die nur f\u00fcr registrierte\/nicht abonnierte Benutzer gelten.<\/li>\n\n\n\n<li>Cookies zur Bestellabwicklung Diese Website bietet E-Commerce- oder Zahlungsfunktionen an, und einige Cookies sind unerl\u00e4sslich, um sicherzustellen, dass Ihre Bestellung seiten\u00fcbergreifend gespeichert wird, damit wir sie ordnungsgem\u00e4\u00df bearbeiten k\u00f6nnen.<\/li>\n\n\n\n<li>Cookies f\u00fcr Umfragen Wir bieten gelegentlich Umfragen und Frageb\u00f6gen an, um interessante Informationen und n\u00fctzliche Tools bereitzustellen oder unsere Nutzerbasis besser zu verstehen. Diese Umfragen verwenden m\u00f6glicherweise Cookies, um sich zu merken, wer bereits an einer Umfrage teilgenommen hat, oder um nach einem Seitenwechsel korrekte Ergebnisse zu liefern.<\/li>\n\n\n\n<li>Formularbezogene Cookies Wenn Sie Daten \u00fcber ein Formular \u00fcbermitteln, wie beispielsweise auf Kontaktseiten oder Feedback-Formularen, k\u00f6nnen Cookies gesetzt werden, um die Daten des Benutzers f\u00fcr die zuk\u00fcnftige Korrespondenz zu speichern.<\/li>\n\n\n\n<li>Cookies f\u00fcr Website-Einstellungen: Um Ihnen ein optimales Nutzungserlebnis auf dieser Website zu bieten, k\u00f6nnen Sie Ihre Einstellungen f\u00fcr die Funktionsweise der Website festlegen. Damit Ihre Einstellungen gespeichert werden, verwenden wir Cookies, um diese Informationen bei jeder Interaktion mit einer Seite, die von Ihren Einstellungen betroffen ist, abrufen zu k\u00f6nnen.<\/li>\n<\/ul>\n\n\n\n<h3 class=\"wp-block-heading\">Cookies von Drittanbietern<\/h3>\n\n\n\n<p>In einigen Sonderf\u00e4llen verwenden wir auch Cookies von vertrauensw\u00fcrdigen Drittanbietern. Im folgenden Abschnitt erfahren Sie, welche Drittanbieter-Cookies auf dieser Website zum Einsatz kommen.<\/p>\n\n\n\n<ul class=\"wp-block-list\">\n<li>Diese Website verwendet die\u00a0<a href=\"https:\/\/analytics.google.com\/analytics\/web\/\">Google Analytics<\/a>, Wir verwenden eine der am weitesten verbreiteten und vertrauensw\u00fcrdigsten Analysel\u00f6sungen im Web, um zu verstehen, wie Sie die Website nutzen und wie wir Ihr Nutzererlebnis verbessern k\u00f6nnen. Diese Cookies erfassen beispielsweise, wie lange Sie auf der Website verweilen und welche Seiten Sie besuchen, damit wir weiterhin interessante Inhalte erstellen k\u00f6nnen.<\/li>\n<\/ul>\n\n\n\n<p>Weitere Informationen zu Google Analytics-Cookies finden Sie auf der offiziellen Google Analytics-Seite.<\/p>\n\n\n\n<ul class=\"wp-block-list\">\n<li>Wir verwenden Analysedienste von Drittanbietern, um die Nutzung dieser Website zu verfolgen und auszuwerten und so weiterhin interessante Inhalte zu erstellen. Diese Cookies erfassen beispielsweise Ihre Verweildauer auf der Website oder die von Ihnen besuchten Seiten. Dies hilft uns zu verstehen, wie wir die Website f\u00fcr Sie verbessern k\u00f6nnen.<\/li>\n\n\n\n<li>Wir testen regelm\u00e4\u00dfig neue Funktionen und nehmen kleinere \u00c4nderungen am Erscheinungsbild der Website vor. W\u00e4hrend dieser Testphase k\u00f6nnen diese Cookies dazu beitragen, Ihnen ein einheitliches Nutzungserlebnis zu bieten und gleichzeitig zu verstehen, welche Optimierungen unsere Nutzer am meisten sch\u00e4tzen.<\/li>\n\n\n\n<li>Da wir Produkte verkaufen, ist es wichtig, Statistiken dar\u00fcber zu verstehen, wie viele Besucher unserer Website tats\u00e4chlich etwas kaufen. Genau diese Daten werden mithilfe von Cookies erfasst. Dies ist auch f\u00fcr Sie wichtig, denn so k\u00f6nnen wir pr\u00e4zise Gesch\u00e4ftsprognosen erstellen und unsere Werbe- und Produktkosten analysieren, um Ihnen den bestm\u00f6glichen Preis zu bieten.<\/li>\n<\/ul>\n\n\n\n<h3 class=\"wp-block-heading\">Nutzerverpflichtung<\/h3>\n\n\n\n<p>Der Nutzer verpflichtet sich, die Inhalte und Informationen angemessen zu nutzen. <a href=\"http:\/\/belivedigital.com\/de\/\">Belive Digital<\/a> Angebote auf der Website und beispielsweise, aber nicht ausschlie\u00dflich:<\/p>\n\n\n\n<ul class=\"wp-block-list\">\n<li>A) Keine Aktivit\u00e4ten auszu\u00fcben, die gegen geltendes Recht oder Treu und Glauben und die \u00f6ffentliche Ordnung versto\u00dfen;<\/li>\n\n\n\n<li>B) Es ist verboten, Propaganda oder Inhalte rassistischer, fremdenfeindlicher oder wettgesch\u00e4ftlicher Natur zu verbreiten, einschlie\u00dflich Werbung f\u00fcr illegale Pornografie, Verherrlichung von Terrorismus oder Verst\u00f6\u00dfe gegen die Menschenrechte;<\/li>\n\n\n\n<li>C) Die physischen (Hardware-) und logischen (Software-)Systeme von <a href=\"http:\/\/belivedigital.com\/de\/\">Belive Digital<\/a>, seine Lieferanten oder Dritte, um Computerviren oder andere Hardware- oder Softwaresysteme einzuf\u00fchren oder zu verbreiten, die in der Lage sind, den vorgenannten Schaden zu verursachen.<\/li>\n<\/ul>\n\n\n\n<h3 class=\"wp-block-heading\">Cookies blockieren:<\/h3>\n\n\n\n<p>Sie k\u00f6nnen Cookies von jeder Website, einschlie\u00dflich unserer, jederzeit blockieren und\/oder deaktivieren. Um dies zu tun, rufen Sie die Einstellungen Ihres Browsers auf. Hilfestellungen f\u00fcr die g\u00e4ngigsten Browser finden Sie unten.<\/p>\n\n\n\n<ul class=\"wp-block-list\">\n<li><a href=\"https:\/\/support.google.com\/accounts\/answer\/61416?hl=en\" target=\"_blank\" rel=\"noreferrer noopener\">Google Chrome<\/a><\/li>\n\n\n\n<li><a href=\"https:\/\/support.mozilla.org\/en-US\/kb\/enhanced-tracking-protection-firefox-desktop?redirectlocale=en-US&amp;redirectslug=enable-and-disable-cookies-website-preferences\" target=\"_blank\" rel=\"noreferrer noopener\">Firefox<\/a><\/li>\n\n\n\n<li><a href=\"https:\/\/support.microsoft.com\/pt-br\/help\/17442\/windows-internet-explorer-delete-manage-cookies\" target=\"_blank\" rel=\"noreferrer noopener\">Microsoft Edge<\/a><\/li>\n\n\n\n<li><a href=\"https:\/\/blogs.opera.com\/news\/2015\/08\/how-to-manage-cookies-in-opera\/\" target=\"_blank\" rel=\"noreferrer noopener\">Oper<\/a><\/li>\n\n\n\n<li><a href=\"https:\/\/support.apple.com\/pt-br\/guide\/safari\/sfri11471\/mac\" target=\"_blank\" rel=\"noreferrer noopener\">Safari\u00a0<\/a>.<\/li>\n<\/ul>\n\n\n\n<h3 class=\"wp-block-heading\">Weitere Informationen<\/h3>\n\n\n\n<p>Hoffentlich ist es verst\u00e4ndlich, und wie bereits erw\u00e4hnt, ist es im Allgemeinen sicherer, Cookies aktiviert zu lassen, wenn Sie mit einer der Funktionen unserer Website interagieren, falls Sie sich bei etwas nicht sicher sind, ob Sie es ben\u00f6tigen oder nicht. <\/p>\n\n\n\n<p>Diese Richtlinie tritt in Kraft ab&nbsp;<strong>Meer<\/strong>\/<strong>2024<\/strong>.<\/p>","protected":false},"excerpt":{"rendered":"<p>Privacy Policy We take your privacy seriously. Belive Digital, we are committed to protecting your privacy in all information that may be collected on our website and any other websites under our management. We collect personal data only when it is strictly necessary to provide you with our services. This process is carried out fairly [&#8230;]\n","protected":false},"author":6,"featured_media":0,"parent":0,"menu_order":0,"comment_status":"closed","ping_status":"closed","template":"","meta":{"footnotes":""},"class_list":["post-3338","page","type-page","status-publish","hentry"],"_links":{"self":[{"href":"https:\/\/belivedigital.com\/de\/wp-json\/wp\/v2\/pages\/3338","targetHints":{"allow":["GET"]}}],"collection":[{"href":"https:\/\/belivedigital.com\/de\/wp-json\/wp\/v2\/pages"}],"about":[{"href":"https:\/\/belivedigital.com\/de\/wp-json\/wp\/v2\/types\/page"}],"author":[{"embeddable":true,"href":"https:\/\/belivedigital.com\/de\/wp-json\/wp\/v2\/users\/6"}],"replies":[{"embeddable":true,"href":"https:\/\/belivedigital.com\/de\/wp-json\/wp\/v2\/comments?post=3338"}],"version-history":[{"count":2,"href":"https:\/\/belivedigital.com\/de\/wp-json\/wp\/v2\/pages\/3338\/revisions"}],"predecessor-version":[{"id":3747,"href":"https:\/\/belivedigital.com\/de\/wp-json\/wp\/v2\/pages\/3338\/revisions\/3747"}],"wp:attachment":[{"href":"https:\/\/belivedigital.com\/de\/wp-json\/wp\/v2\/media?parent=3338"}],"curies":[{"name":"wp","href":"https:\/\/api.w.org\/{rel}","templated":true}]}}